{"id":5330,"date":"2026-01-05T15:57:42","date_gmt":"2026-01-05T14:57:42","guid":{"rendered":"https:\/\/campingbellerive.fr\/?page_id=5330"},"modified":"2026-01-05T15:57:42","modified_gmt":"2026-01-05T14:57:42","slug":"bienvenue-4","status":"publish","type":"page","link":"https:\/\/campingbellerive.fr\/pt-pt\/","title":{"rendered":"Bienvenue !"},"content":{"rendered":"<p><script>\n    (function(t,h,e,l,i,s,R,E,S,A){\n        t[i]={},t[i][s]=t[i][s]||function(){\n            if(1===arguments.length){return t[i].a[arguments[0]]||null}\n            else{t[i].a=t[i].a||[]; t[i].a[arguments[0]] = arguments[1];}\n        },\n            R=h.createElement(e),E=h.getElementsByTagName(e)[0];\n        R.async=1;R.src=l;E.parentNode.insertBefore(R,E)\n    })(window,document,\"script\",\"https:\/\/thelisresa.webcamp.fr\/ilib\/v4\/?categories&favorites&onenight&searchengine&simpleblock\",\"thelisresa\",\"ilib\");\n    thelisresa.ilib('camping', 'bellerive');\n    thelisresa.ilib('language', 'fr');\n<\/script><\/p>\n<p>&nbsp;<\/p>\n<h1><\/h1>\n<p>&nbsp;<\/p>\n<h1 style=\"text-align: center;\"><span style=\"font-size: 24px;\"><em><span style=\"color: #f19000;\">+33 (0)4 66 57 20 79 <\/span><\/em><\/span><\/h1>\n<h1 style=\"text-align: center;\"><span style=\"font-size: 24px;\"><em><span style=\"color: #f19000;\">info@campingbellerive.fr<\/span><\/em><\/span><\/h1>\n<h1 style=\"text-align: center;\"><span style=\"color: #36bdef;\"><strong><span style=\"font-family: 'Trebuchet MS', Helvetica, sans-serif;\"><a style=\"color: #36bdef;\" href=\"https:\/\/campingbellerive.fr\/bienvenue-4\/smiley\/\" rel=\"attachment wp-att-4671\"><img loading=\"lazy\" decoding=\"async\" class=\"alignnone wp-image-4671\" src=\"https:\/\/campingbellerive.fr\/wp-content\/uploads\/smiley.jpg\" alt=\"\" width=\"94\" height=\"85\" \/><\/a><\/span><\/strong><\/span><\/h1>\n<div id=\"cc-m-8933294186\" class=\"j-module n j-header \">\n<h1 style=\"text-align: center;\"><span style=\"font-size: 36px; color: #36bdef; font-family: 'Trebuchet MS', Helvetica, sans-serif;\">O seu Camping Paradis Bellerive***<\/span><br \/>\n<span style=\"font-family: 'Trebuchet MS', Helvetica, sans-serif; color: #f19000;\">Um verdadeiro ref\u00fagio de paz com sombra \u00e0 beira-rio,<\/span><br \/>\n<span style=\"font-family: 'Trebuchet MS', Helvetica, sans-serif; color: #f19000;\">a 10 minutos da Ponte do Gard!<\/span><\/h1>\n<h1 class=\"\" style=\"text-align: center;\"><span style=\"font-size: 36px; font-family: 'Trebuchet MS', Helvetica, sans-serif; color: #f19000;\"><a href=\"https:\/\/campingbellerive.fr\/bienvenue-4\/20250407_171541\/\" rel=\"attachment wp-att-5262\"><img loading=\"lazy\" decoding=\"async\" class=\"alignnone wp-image-5262\" src=\"https:\/\/campingbellerive.fr\/wp-content\/uploads\/20250407_171541-1024x1024.jpg\" alt=\"\" width=\"345\" height=\"345\" srcset=\"https:\/\/campingbellerive.fr\/wp-content\/uploads\/20250407_171541-1024x1024.jpg 1024w, https:\/\/campingbellerive.fr\/wp-content\/uploads\/20250407_171541-300x300.jpg 300w, https:\/\/campingbellerive.fr\/wp-content\/uploads\/20250407_171541-150x150.jpg 150w, https:\/\/campingbellerive.fr\/wp-content\/uploads\/20250407_171541-768x768.jpg 768w, https:\/\/campingbellerive.fr\/wp-content\/uploads\/20250407_171541-1536x1536.jpg 1536w, https:\/\/campingbellerive.fr\/wp-content\/uploads\/20250407_171541-2048x2048.jpg 2048w\" sizes=\"auto, (max-width: 345px) 100vw, 345px\" \/><\/a><a href=\"https:\/\/campingbellerive.fr\/bienvenue-4\/attachment\/1000009294\/\" rel=\"attachment wp-att-5253\"><img loading=\"lazy\" decoding=\"async\" class=\"alignnone wp-image-5253\" src=\"https:\/\/campingbellerive.fr\/wp-content\/uploads\/1000009294-1024x1024.jpg\" alt=\"\" width=\"345\" height=\"345\" srcset=\"https:\/\/campingbellerive.fr\/wp-content\/uploads\/1000009294-1024x1024.jpg 1024w, https:\/\/campingbellerive.fr\/wp-content\/uploads\/1000009294-300x300.jpg 300w, https:\/\/campingbellerive.fr\/wp-content\/uploads\/1000009294-150x150.jpg 150w, https:\/\/campingbellerive.fr\/wp-content\/uploads\/1000009294-768x768.jpg 768w, https:\/\/campingbellerive.fr\/wp-content\/uploads\/1000009294-1536x1536.jpg 1536w, https:\/\/campingbellerive.fr\/wp-content\/uploads\/1000009294-2048x2048.jpg 2048w\" sizes=\"auto, (max-width: 345px) 100vw, 345px\" \/><\/a><\/span><\/h1>\n<h1 class=\"\" style=\"text-align: center;\"><span style=\"font-size: 36px; font-family: 'Trebuchet MS', Helvetica, sans-serif; color: #f19000;\"><a href=\"https:\/\/campingbellerive.fr\/bienvenue-4\/attachment\/1000010594\/\" rel=\"attachment wp-att-5244\"><img loading=\"lazy\" decoding=\"async\" class=\"alignnone wp-image-5244\" src=\"https:\/\/campingbellerive.fr\/wp-content\/uploads\/1000010594-1024x1024.jpg\" alt=\"\" width=\"347\" height=\"347\" srcset=\"https:\/\/campingbellerive.fr\/wp-content\/uploads\/1000010594-1024x1024.jpg 1024w, https:\/\/campingbellerive.fr\/wp-content\/uploads\/1000010594-300x300.jpg 300w, https:\/\/campingbellerive.fr\/wp-content\/uploads\/1000010594-150x150.jpg 150w, https:\/\/campingbellerive.fr\/wp-content\/uploads\/1000010594-768x768.jpg 768w, https:\/\/campingbellerive.fr\/wp-content\/uploads\/1000010594-1536x1536.jpg 1536w, https:\/\/campingbellerive.fr\/wp-content\/uploads\/1000010594-2048x2048.jpg 2048w\" sizes=\"auto, (max-width: 347px) 100vw, 347px\" \/><\/a><a href=\"https:\/\/campingbellerive.fr\/bienvenue-4\/20240603_111913\/\" rel=\"attachment wp-att-5100\"><img loading=\"lazy\" decoding=\"async\" class=\"alignnone wp-image-5100\" src=\"https:\/\/campingbellerive.fr\/wp-content\/uploads\/20240603_111913-1024x1024.jpg\" alt=\"\" width=\"347\" height=\"347\" srcset=\"https:\/\/campingbellerive.fr\/wp-content\/uploads\/20240603_111913-1024x1024.jpg 1024w, https:\/\/campingbellerive.fr\/wp-content\/uploads\/20240603_111913-300x300.jpg 300w, https:\/\/campingbellerive.fr\/wp-content\/uploads\/20240603_111913-150x150.jpg 150w, https:\/\/campingbellerive.fr\/wp-content\/uploads\/20240603_111913-768x768.jpg 768w, https:\/\/campingbellerive.fr\/wp-content\/uploads\/20240603_111913-1536x1536.jpg 1536w, https:\/\/campingbellerive.fr\/wp-content\/uploads\/20240603_111913-2048x2048.jpg 2048w\" sizes=\"auto, (max-width: 347px) 100vw, 347px\" \/><\/a><\/span><\/h1>\n<p style=\"text-align: center;\"><span style=\"font-family: 'Trebuchet MS', Helvetica, sans-serif; color: #f19000; font-size: 24px;\">Com o seu <span style=\"color: #36bdef;\">Animador<\/span> para pequenos e grandes!<\/span><\/p>\n<p><span style=\"font-family: 'Trebuchet MS', Helvetica, sans-serif; color: #f19000; font-size: 24px;\">Sem esquecer o <span style=\"color: #36bdef;\">Para\u00edso das Estrelas<\/span>!<\/span><\/p>\n<p><span style=\"font-family: 'Trebuchet MS', Helvetica, sans-serif; color: #f19000;\"><strong>Espa\u00e7o natural \u00e0 beira do rio com \u00e1gua permanente &#8211;<\/strong><span style=\"color: #000000;\"> Rio Le Gardon<\/span><\/span><br \/>\n<span style=\"font-family: 'Trebuchet MS', Helvetica, sans-serif; color: #f19000;\"><strong>Anima\u00e7\u00f5es &#8211;<\/strong> <span style=\"color: #000000;\">Durante as f\u00e9rias escolares na \u00e9poca alta<\/span><\/span><br \/>\n<span style=\"font-family: 'Trebuchet MS', Helvetica, sans-serif; color: #f19000;\"><strong>Servi\u00e7os de Bar e Restaurante &#8211;<\/strong> <span style=\"color: #000000;\">Aberto na m\u00e9dia e alta temporada<\/span><\/span><br \/>\n<span style=\"font-family: 'Trebuchet MS', Helvetica, sans-serif; color: #f19000;\"><strong>Com\u00e9rcios &#8211;<\/strong> <span style=\"color: #000000;\">Aldeias e com\u00e9rcio acess\u00edveis a p\u00e9 ou de bicicleta (500m)<\/span><\/span><br \/>\n<span style=\"font-family: 'Trebuchet MS', Helvetica, sans-serif; color: #f19000;\"><strong>Seguro &#8211;<\/strong> <span style=\"color: #000000;\">Um seguro de cancelamento \u00e0 medida<\/span><\/span><\/p>\n<\/div>\n<div class=\"cc-m-hgrid-overlay\" style=\"text-align: center;\" data-display=\"cms-only\"><\/div>\n<div style=\"text-align: center;\" data-display=\"cms-only\"><strong><span style=\"font-family: 'Trebuchet MS', Helvetica, sans-serif; color: #36bdef; font-size: 24px;\">O Camping Paradis Bellerive*** <\/span><\/strong><\/div>\n<div style=\"text-align: center;\" data-display=\"cms-only\"><span style=\"font-family: 'Trebuchet MS', Helvetica, sans-serif; color: #000000; font-size: 24px;\">est\u00e1 situado no Gard, perto dos mais belos s\u00edtios tur\u00edsticos, na encruzilhada:<\/span><\/div>\n<div data-display=\"cms-only\"><\/div>\n<div style=\"text-align: center;\" data-display=\"cms-only\"><strong><span style=\"font-family: 'Trebuchet MS', Helvetica, sans-serif; color: #f19000; font-size: 24px;\"> _Da Camarga, dos Baux-de-Provence, das C\u00e9vennes, a dois passos de N\u00eemes, Avignon, Arles,<\/span><\/strong><\/div>\n<div data-display=\"cms-only\"><\/div>\n<div style=\"text-align: center;\" data-display=\"cms-only\">\n<p><strong><span style=\"font-family: 'Trebuchet MS', Helvetica, sans-serif; color: #f19000; font-size: 24px;\">e a menos de 1 hora do Mediterr\u00e2neo!<\/span><\/strong><\/p>\n<p><span style=\"font-family: 'Trebuchet MS', Helvetica, sans-serif; color: #000000; font-size: 16px;\">Num<\/span><strong><span style=\"font-family: 'Trebuchet MS', Helvetica, sans-serif; color: #000000; font-size: 16px;\"> terreno plano e arborizado <\/span><\/strong><span style=\"font-family: 'Trebuchet MS', Helvetica, sans-serif; color: #000000; font-size: 16px;\">de quase 3 hectares,<\/span><\/p>\n<p><span style=\"font-family: 'Trebuchet MS', Helvetica, sans-serif; color: #000000; font-size: 16px;\">o<\/span><strong><span style=\"font-family: 'Trebuchet MS', Helvetica, sans-serif; color: #000000; font-size: 16px;\"> Camping Paradis Bellerive*** \u00e9 um espa\u00e7o natural e sombreado, <\/span><\/strong><span style=\"font-family: 'Trebuchet MS', Helvetica, sans-serif; color: #000000; font-size: 16px;\">com chal\u00e9s e casas m\u00f3veis confort\u00e1veis e<\/span><strong><span style=\"font-family: 'Trebuchet MS', Helvetica, sans-serif; color: #000000; font-size: 16px;\"> grandes parcelas <\/span><\/strong><span style=\"font-family: 'Trebuchet MS', Helvetica, sans-serif; color: #000000; font-size: 16px;\">num<\/span><strong><span style=\"font-family: 'Trebuchet MS', Helvetica, sans-serif; color: #000000; font-size: 16px;\"> ref\u00fagio de paz.<\/span><\/strong><\/p>\n<p><strong><span style=\"font-family: 'Trebuchet MS', Helvetica, sans-serif; color: #000000; font-size: 16px;\">Acesso privado ao rio.<\/span><\/strong><\/p>\n<p><strong><span style=\"font-family: 'Trebuchet MS', Helvetica, sans-serif; color: #000000; font-size: 16px;\"><strong>Um camping concebido<\/strong> para crian\u00e7as,<\/span><\/strong><span style=\"font-family: 'Trebuchet MS', Helvetica, sans-serif; color: #000000; font-size: 16px;\"> onde elas podem deslocar-se em<\/span><strong><span style=\"font-family: 'Trebuchet MS', Helvetica, sans-serif; color: #000000; font-size: 16px;\"> total seguran\u00e7a <\/span><\/strong><span style=\"font-family: 'Trebuchet MS', Helvetica, sans-serif; color: #000000; font-size: 16px;\">a p\u00e9 ou de bicicleta, brincar e viver<\/span><strong><span style=\"font-family: 'Trebuchet MS', Helvetica, sans-serif; color: #000000; font-size: 16px;\"> f\u00e9rias paradis\u00edacas.<\/span><\/strong><\/p>\n<\/div>\n<div id=\"cc-m-9785782886\" class=\"j-module n j-hgrid \" style=\"text-align: center;\">\n<div id=\"cc-m-8933730986\" class=\"j-module n j-header \"><\/div>\n<div id=\"cc-m-8933981986\" class=\"j-module n j-text \">\n<p>&nbsp;<\/p>\n<\/div>\n<\/div>\n<p style=\"text-align: center;\"><a href=\"https:\/\/campingbellerive.fr\/jasmin-sam3\/\"><img loading=\"lazy\" decoding=\"async\" class=\"alignnone size-large wp-image-4421\" src=\"https:\/\/campingbellerive.fr\/wp-content\/uploads\/Jasmin-SAM3-1024x461.jpg\" alt=\"\" width=\"980\" height=\"441\" srcset=\"https:\/\/campingbellerive.fr\/wp-content\/uploads\/Jasmin-SAM3-1024x461.jpg 1024w, https:\/\/campingbellerive.fr\/wp-content\/uploads\/Jasmin-SAM3-300x135.jpg 300w, https:\/\/campingbellerive.fr\/wp-content\/uploads\/Jasmin-SAM3-768x345.jpg 768w, https:\/\/campingbellerive.fr\/wp-content\/uploads\/Jasmin-SAM3-1536x691.jpg 1536w, https:\/\/campingbellerive.fr\/wp-content\/uploads\/Jasmin-SAM3-2048x921.jpg 2048w\" sizes=\"auto, (max-width: 980px) 100vw, 980px\" \/><\/a><\/p>\n<p style=\"text-align: center;\"><a href=\"https:\/\/campingbellerive.fr\/photo-bar-restaurant-5\/\"><img loading=\"lazy\" decoding=\"async\" class=\" wp-image-4336\" src=\"https:\/\/campingbellerive.fr\/wp-content\/uploads\/Photo-bar-restaurant-5.jpg\" alt=\"\" width=\"980\" height=\"551\" srcset=\"https:\/\/campingbellerive.fr\/wp-content\/uploads\/Photo-bar-restaurant-5.jpg 391w, https:\/\/campingbellerive.fr\/wp-content\/uploads\/Photo-bar-restaurant-5-300x169.jpg 300w\" sizes=\"auto, (max-width: 980px) 100vw, 980px\" \/><\/a><\/p>\n<p style=\"text-align: center;\"><a href=\"https:\/\/campingbellerive.fr\/photo-les-lavandes-5\/\"><img loading=\"lazy\" decoding=\"async\" class=\"alignnone size-large wp-image-4506\" src=\"https:\/\/campingbellerive.fr\/wp-content\/uploads\/Photo-Les-Lavandes-5-1024x768.jpg\" alt=\"\" width=\"980\" height=\"735\" srcset=\"https:\/\/campingbellerive.fr\/wp-content\/uploads\/Photo-Les-Lavandes-5-1024x768.jpg 1024w, https:\/\/campingbellerive.fr\/wp-content\/uploads\/Photo-Les-Lavandes-5-300x225.jpg 300w, https:\/\/campingbellerive.fr\/wp-content\/uploads\/Photo-Les-Lavandes-5-768x576.jpg 768w, https:\/\/campingbellerive.fr\/wp-content\/uploads\/Photo-Les-Lavandes-5.jpg 1281w\" sizes=\"auto, (max-width: 980px) 100vw, 980px\" \/><\/a><img loading=\"lazy\" decoding=\"async\" class=\"alignnone wp-image-2531 \" src=\"https:\/\/campingbellerive.fr\/wp-content\/uploads\/Emplacements-1.jpg\" alt=\"Emplacement\" width=\"972\" height=\"609\" srcset=\"https:\/\/campingbellerive.fr\/wp-content\/uploads\/Emplacements-1.jpg 1600w, https:\/\/campingbellerive.fr\/wp-content\/uploads\/Emplacements-1-300x188.jpg 300w, https:\/\/campingbellerive.fr\/wp-content\/uploads\/Emplacements-1-768x481.jpg 768w, https:\/\/campingbellerive.fr\/wp-content\/uploads\/Emplacements-1-1024x641.jpg 1024w\" sizes=\"auto, (max-width: 972px) 100vw, 972px\" \/><\/p>\n<h1 style=\"text-align: center;\"><img loading=\"lazy\" decoding=\"async\" class=\"wp-image-2541 aligncenter\" src=\"https:\/\/campingbellerive.fr\/wp-content\/uploads\/Chalet-89.jpg\" alt=\"\" width=\"985\" height=\"617\" srcset=\"https:\/\/campingbellerive.fr\/wp-content\/uploads\/Chalet-89.jpg 1600w, https:\/\/campingbellerive.fr\/wp-content\/uploads\/Chalet-89-300x188.jpg 300w, https:\/\/campingbellerive.fr\/wp-content\/uploads\/Chalet-89-768x481.jpg 768w, https:\/\/campingbellerive.fr\/wp-content\/uploads\/Chalet-89-1024x641.jpg 1024w\" sizes=\"auto, (max-width: 985px) 100vw, 985px\" \/><\/h1>\n<h1 style=\"text-align: center;\"><span style=\"color: #36bdef;\">Quer um chal\u00e9, uma casa m\u00f3vel, uma tenda ou um local na Proven\u00e7a? <\/span><\/h1>\n<h1 style=\"text-align: center;\"><span style=\"font-size: 24px; font-family: 'Trebuchet MS', Helvetica, sans-serif;\">Ent\u00e3o venha para o &#8216;<span style=\"color: #f19000;\">Camping Paradis Bellerive<\/span>&#8216;. Est\u00e1 localizado entre o R\u00f3dano e o Gardon, perto <span style=\"color: #f19000;\">da Pont du Gard<\/span> (10 km), das cidades de <span style=\"color: #f19000;\">N\u00eemes<\/span>, <span style=\"color: #f19000;\">Avignon<\/span> e Uz\u00e8s (menos de 20 km). N\u00e3o muito longe de grandes atrac\u00e7\u00f5es tur\u00edsticas como <span style=\"color: #f19000;\">Arles, Saint R\u00e9my de Provence, os Baux-de-Provence, Tarascon, a Camarga, Les Saintes-Maries-de-la-Mer<\/span> e muitos mais! <\/span><\/h1>\n<h3 style=\"text-align: center;\"><span style=\"font-size: 18px;\"><strong><span style=\"font-family: 'Trebuchet MS', Helvetica, sans-serif;\">O Camping Paradis Bellerive \u00e9 bem arborizado, \u00e0 sombra de ac\u00e1cias, \u00e0 beira de um rio. A tranquilidade est\u00e1 garantida. <\/span><\/strong><\/span><\/h3>\n<h3 style=\"text-align: center;\"><span style=\"font-size: 18px;\"><strong><span style=\"font-family: 'Trebuchet MS', Helvetica, sans-serif;\">Um lugar id\u00edlico para relaxar, rejuvenescer, conhecer pessoas e partilhar experi\u00eancias.<\/span><\/strong><\/span><\/h3>\n<h3 style=\"text-align: center;\"><\/h3>\n<div id=\"gallery-0\" class=\"wpex-gallery wpex-row lightbox-group clr\"><figure class=\"gallery-item span_1_of_3 col col-1\"><a href=\"https:\/\/campingbellerive.fr\/wp-content\/uploads\/hamac-05-L.jpg\" title=\"\" class=\"wpex-lightbox-group-item\" data-type=\"image\"><img loading=\"lazy\" decoding=\"async\" src=\"https:\/\/campingbellerive.fr\/wp-content\/uploads\/hamac-05-L-1024x1001.jpg\" width=\"1024\" height=\"1001\" alt=\"Hamac\" \/><\/a><\/figure><figure class=\"gallery-item span_1_of_3 col col-2\"><a href=\"https:\/\/campingbellerive.fr\/wp-content\/uploads\/Reception-02-L.jpg\" title=\"\" class=\"wpex-lightbox-group-item\" data-type=\"image\"><img loading=\"lazy\" decoding=\"async\" src=\"https:\/\/campingbellerive.fr\/wp-content\/uploads\/Reception-02-L-1024x999.jpg\" width=\"1024\" height=\"999\" alt=\"R\u00e9ception\" \/><\/a><\/figure><figure class=\"gallery-item span_1_of_3 col col-3\"><a href=\"https:\/\/campingbellerive.fr\/wp-content\/uploads\/Chalets-1.jpg\" title=\"\" class=\"wpex-lightbox-group-item\" data-type=\"image\"><img loading=\"lazy\" decoding=\"async\" src=\"https:\/\/campingbellerive.fr\/wp-content\/uploads\/Chalets-1-1024x999.jpg\" width=\"1024\" height=\"999\" alt=\"Chalet\" \/><\/a><\/figure><figure class=\"gallery-item span_1_of_3 col col-1\"><a href=\"https:\/\/campingbellerive.fr\/wp-content\/uploads\/Gardon-03.jpg\" title=\"\" class=\"wpex-lightbox-group-item\" data-type=\"image\"><img loading=\"lazy\" decoding=\"async\" src=\"https:\/\/campingbellerive.fr\/wp-content\/uploads\/Gardon-03-1024x1001.jpg\" width=\"1024\" height=\"1001\" alt=\"Gardon\" \/><\/a><\/figure><figure class=\"gallery-item span_1_of_3 col col-2\"><a href=\"https:\/\/campingbellerive.fr\/wp-content\/uploads\/Les-Lavandes.jpg\" title=\"\" class=\"wpex-lightbox-group-item\" data-type=\"image\"><img loading=\"lazy\" decoding=\"async\" src=\"https:\/\/campingbellerive.fr\/wp-content\/uploads\/Les-Lavandes-1024x1000.jpg\" width=\"1024\" height=\"1000\" alt=\"Les Lavandes\" \/><\/a><\/figure><\/div>\n\n<div>\n<p style=\"text-align: center;\"><strong><span style=\"font-family: 'Trebuchet MS', Helvetica, sans-serif; font-size: 24px; color: #f19000;\">Vis\u00e3o geral do Camping Paradis Bellerive em Montfrin (Gard)<\/span><\/strong><\/p>\n<\/div>\n<div style=\"width: 750px; margin-left: auto; margin-top: 100px; margin-right: auto;\">\n<div style=\"width: 640px;\" class=\"wp-video\"><video class=\"wp-video-shortcode\" id=\"video-5330-1\" width=\"640\" height=\"360\" preload=\"metadata\" controls=\"controls\"><source type=\"video\/mp4\" src=\"https:\/\/campingbellerive.fr\/wp-content\/uploads\/Video-Camping-Bellerive.mp4?_=1\" \/><a href=\"https:\/\/campingbellerive.fr\/wp-content\/uploads\/Video-Camping-Bellerive.mp4\">https:\/\/campingbellerive.fr\/wp-content\/uploads\/Video-Camping-Bellerive.mp4<\/a><\/video><\/div>\n<p><span style=\"font-family: 'Trebuchet MS', Helvetica, sans-serif;\">D\u00e9marrage : Appuyer sur la fl\u00e9chette!<\/span><\/p>\n<\/div>\n<p>&nbsp;<\/p>\n<p><span style=\"font-family: 'Trebuchet MS', Helvetica, sans-serif;\">Cette vid\u00e9o du camping Bellerive a \u00e9t\u00e9 tourn\u00e9e et produite par <a title=\"Toocamp - Guide Camping\" href=\"https:\/\/www.toocamp.com\" target=\"_blank\" rel=\"noopener\">Toocamp.com<\/a><\/span><br \/>\n<img loading=\"lazy\" decoding=\"async\" class=\"alignnone wp-image-1676\" title=\"Toocamp_Logo\" src=\"http:\/\/campingbellerive.fr\/wp-content\/uploads\/Toocamp_Logo.png\" alt=\"\" width=\"150\" height=\"65\" \/><br \/>\n<div style=\"width: 640px;\" class=\"wp-video\"><video class=\"wp-video-shortcode\" id=\"video-5330-2\" width=\"640\" height=\"360\" preload=\"metadata\" controls=\"controls\"><source type=\"video\/mp4\" src=\"https:\/\/video.toocamp.com\/medias\/campingbellerive-27850.mp4?_=2\" \/><a href=\"https:\/\/video.toocamp.com\/medias\/campingbellerive-27850.mp4\">https:\/\/video.toocamp.com\/medias\/campingbellerive-27850.mp4<\/a><\/video><\/div>\n<p>&nbsp;<\/p>\n<div style=\"width: 750px; margin-left: auto; margin-top: 100px; margin-right: auto;\"><\/div>\n<p>&nbsp;<\/p>\n<p>&nbsp;<\/p>\n<p>&nbsp;<\/p>\n<p>&nbsp;<\/p>\n<p>&nbsp;<\/p>\n","protected":false},"excerpt":{"rendered":"<p>&nbsp; &nbsp; +33 (0)4 66 57 20 79 info@campingbellerive.fr O seu Camping Paradis Bellerive*** Um verdadeiro ref\u00fagio de paz com sombra \u00e0 beira-rio, a 10 minutos da Ponte do Gard! Com o seu Animador para pequenos e grandes! Sem esquecer&hellip;<\/p>\n","protected":false},"author":2,"featured_media":0,"parent":0,"menu_order":0,"comment_status":"closed","ping_status":"closed","template":"","meta":{"_monsterinsights_skip_tracking":false,"_monsterinsights_sitenote_active":false,"_monsterinsights_sitenote_note":"","_monsterinsights_sitenote_category":0,"_uf_show_specific_survey":0,"_uf_disable_surveys":false,"footnotes":""},"class_list":["post-5330","page","type-page","status-publish","hentry","entry"],"aioseo_notices":[],"_links":{"self":[{"href":"https:\/\/campingbellerive.fr\/pt-pt\/wp-json\/wp\/v2\/pages\/5330\/"}],"collection":[{"href":"https:\/\/campingbellerive.fr\/pt-pt\/wp-json\/wp\/v2\/pages\/"}],"about":[{"href":"https:\/\/campingbellerive.fr\/pt-pt\/wp-json\/wp\/v2\/types\/page\/"}],"author":[{"embeddable":true,"href":"https:\/\/campingbellerive.fr\/pt-pt\/wp-json\/wp\/v2\/users\/2\/"}],"replies":[{"embeddable":true,"href":"https:\/\/campingbellerive.fr\/pt-pt\/wp-json\/wp\/v2\/comments\/?post=5330"}],"version-history":[{"count":3,"href":"https:\/\/campingbellerive.fr\/pt-pt\/wp-json\/wp\/v2\/pages\/5330\/revisions\/"}],"predecessor-version":[{"id":5336,"href":"https:\/\/campingbellerive.fr\/pt-pt\/wp-json\/wp\/v2\/pages\/5330\/revisions\/5336\/"}],"wp:attachment":[{"href":"https:\/\/campingbellerive.fr\/pt-pt\/wp-json\/wp\/v2\/media\/?parent=5330"}],"curies":[{"name":"wp","href":"https:\/\/api.w.org\/{rel}","templated":true}]}}