{"id":2996,"date":"2016-02-09T10:22:20","date_gmt":"2016-02-09T09:22:20","guid":{"rendered":"http:\/\/campingbellerive.fr\/nl\/?page_id=2996"},"modified":"2016-02-14T14:43:35","modified_gmt":"2016-02-14T13:43:35","slug":"toeristische-activiteit-in-een-korte-afstand-bellerive-gard-4","status":"publish","type":"page","link":"https:\/\/campingbellerive.fr\/nl\/toeristische-activiteit-in-een-korte-afstand-bellerive-gard-4\/","title":{"rendered":"Toeristische activiteit"},"content":{"rendered":"<h2>Toeristische activiteit in een korte afstand BelleRive ( Gard )<\/h2>\n<h2><\/h2>\n<h2>Pont du Gard op 12 km van BelleRive<\/h2>\n<p>Bevindt zich het bekende waker aquduct Pont du Gard. Het ligt in een prachtige natuurlijke omgeving en weet met zijn charme de fascinatie van de bezoekers voor zich te winnen. Een prachtige wereldse erfenis van twee millenia oud <a title=\"Pont du Gard\" href=\"http:\/\/www.pontdugard.fr;%20http:\/\/www.ot-pontdugard.com\">(http:\/\/www.pontdugard.fr et http:\/\/www.ot-pontdugard.com)<\/a><\/p>\n<p><a href=\"http:\/\/campingbellerive.fr\/wp-content\/uploads\/Pont-du-Gard-2.jpg\" rel=\"attachment wp-att-2666\"><img loading=\"lazy\" decoding=\"async\" class=\"size-thumbnail wp-image-2666 aligncenter\" src=\"http:\/\/campingbellerive.fr\/wp-content\/uploads\/Pont-du-Gard-2-150x150.jpg\" alt=\"Pont du Gard\" width=\"150\" height=\"150\" \/><\/a><\/p>\n<h2>Pont d\u2019Avignon :<\/h2>\n<p>Pont d\u2019Avignon op 23 km van BelleRive<br \/>\nEen UNESCO wereld erfgoed uit de twaalfde eeuw. (<a href=\"http:\/\/www.avignon-tourisme.com\" target=\"_blank\">http:\/\/www.avignon-tourisme.com<\/a>)<\/p>\n<h2>Festival d\u2019Avignon :<\/h2>\n<p>Festival d\u2019Avignon op 23 km van BelleRive<br \/>\nVan 4 t\/m 25 juli 2014<br \/>\nOpgericht door Jean Vilar en 1947. Een van de oudste en bekendste festivals in de wereld. Met theater, dans, voordrachten en muziek<\/p>\n<p><a href=\"http:\/\/campingbellerive.fr\/wp-content\/uploads\/Avignon-1.jpg\" rel=\"attachment wp-att-2670\"><img loading=\"lazy\" decoding=\"async\" class=\"size-thumbnail wp-image-2670 aligncenter\" src=\"http:\/\/campingbellerive.fr\/wp-content\/uploads\/Avignon-1-150x150.jpg\" alt=\"Avignon\" width=\"150\" height=\"150\" \/><\/a><\/p>\n<h2>Palais des papes, Avignon :<\/h2>\n<p>Palais des papes op 23 km van BelleRive<br \/>\nEen UNESCO wereld erfgoed. De constructie van dit monument is de meest imposante gotische paleis van de wereld. (<a href=\"http:\/\/www.ot-avignon.fr\" target=\"_blank\">http:\/\/www.ot-avignon.fr<\/a>)<\/p>\n<h2>N\u00eemes et ses ar\u00e8nes :<\/h2>\n<p>De arena van N\u00ecmes op 24 km van BelleRive<br \/>\nDit amfitheater is de best onderhouden Romeinse arena ter wereld. Al sinds de eerste eeuw worden hier gevechten uit gevoerd tussen gladiatoren en wilde dieren. Nog steeds worden hier evenementen gehouden. (<a href=\"http:\/\/www.ot-nimes.fr\" target=\"_blank\">http:\/\/www.ot-nimes.fr<\/a>)<\/p>\n<p>Pinkster festival<br \/>\nDit festival trekt bijna \u00e9\u00e9n miljoen bezoekers naar N\u00ecmes. Het duurt 5 dagen, van donderdag tot maandag 2de pinksterdag.<\/p>\n<p><a href=\"http:\/\/campingbellerive.fr\/wp-content\/uploads\/Nimes-2.jpg\" rel=\"attachment wp-att-2665\"><img loading=\"lazy\" decoding=\"async\" class=\"size-thumbnail wp-image-2665 aligncenter\" src=\"http:\/\/campingbellerive.fr\/wp-content\/uploads\/Nimes-2-150x150.jpg\" alt=\"N\u00eemes\" width=\"150\" height=\"150\" \/><\/a><\/p>\n<h2>Uz\u00e8s 26 km van Bellerive afstand.<\/h2>\n<p>Uz\u00e8s is een stad van kunst en geschiedenis. Elke woensdag en zaterdag &#8217;s morgens van 7.30 tot 13u deelnemen aan de boeren op de Place aux Herbes. (<a title=\"Uz\u00e8s Office du Tourisme\" href=\"http:\/\/www.uzes-tourisme.com\">http:\/\/www.uzes-tourisme.com<\/a>)<\/p>\n<p><a href=\"http:\/\/campingbellerive.fr\/wp-content\/uploads\/Uzes-2.jpg\" rel=\"attachment wp-att-2669\"><img loading=\"lazy\" decoding=\"async\" class=\"size-thumbnail wp-image-2669 aligncenter\" src=\"http:\/\/campingbellerive.fr\/wp-content\/uploads\/Uzes-2-150x150.jpg\" alt=\"Uz\u00e9s le march\u00e9\" width=\"150\" height=\"150\" \/><\/a><\/p>\n<h2>Arles ligt op 27 km van BelleRive<\/h2>\n<p>Diversen monumenten geregistreerd in het UNESCO wereld erfgoed. Een van de monumenten is het romeinse amfitheater. (<a title=\"Arles Office du Tourisme\" href=\"http:\/\/www.arlestourisme.com\">http:\/\/www.arlestourisme.com<\/a>)<\/p>\n<p><a href=\"http:\/\/campingbellerive.fr\/wp-content\/uploads\/Arles-2.jpg\" rel=\"attachment wp-att-2668\"><img loading=\"lazy\" decoding=\"async\" class=\"size-thumbnail wp-image-2668 aligncenter\" src=\"http:\/\/campingbellerive.fr\/wp-content\/uploads\/Arles-2-150x150.jpg\" alt=\"Arles\" width=\"150\" height=\"150\" \/><\/a><\/p>\n<h2>Les Baux de Provence ligt op 32 km van BelleRive<\/h2>\n<p>Gezegd wordt dat dit het mooiste dorp van Frankr\u00ffk is. (<a title=\"Les Baux de Provence\" href=\"http:\/\/www.lesbauxdeprovence.com\">http:\/\/www.lesbauxdeprovence.com<\/a>)<\/p>\n<p><a href=\"http:\/\/campingbellerive.fr\/wp-content\/uploads\/Les-Baux-2.jpg\" rel=\"attachment wp-att-2667\"><img loading=\"lazy\" decoding=\"async\" class=\"size-thumbnail wp-image-2667 aligncenter\" src=\"http:\/\/campingbellerive.fr\/wp-content\/uploads\/Les-Baux-2-150x150.jpg\" alt=\"Les Baux de Provence\" width=\"150\" height=\"150\" \/><\/a><\/p>\n<h2>Tarascon ligt up 13 km van BelleRive<\/h2>\n<p>Op 13 km van Bellerive is het kasteel van Koning Ren\u00e9 en is in goede staat te zien. Het is een van de mooiste middeleeuwse kastelen Frankreiches. (<a title=\"Tarascon Office du Tourisme\" href=\"http:\/\/www.infotourisme.net\/tourisme\/tarascon\">http:\/\/www.infotourisme.net\/tourisme\/tarascon<\/a>)<\/p>\n<p><a href=\"http:\/\/campingbellerive.fr\/wp-content\/uploads\/Tarascon-1.jpg\" rel=\"attachment wp-att-2671\"><img loading=\"lazy\" decoding=\"async\" class=\"size-thumbnail wp-image-2671 aligncenter\" src=\"http:\/\/campingbellerive.fr\/wp-content\/uploads\/Tarascon-1-150x150.jpg\" alt=\"Tarascon\" width=\"150\" height=\"150\" \/><\/a><\/p>\n","protected":false},"excerpt":{"rendered":"<p>Toeristische activiteit in een korte afstand BelleRive ( Gard ) Pont du Gard op 12 km van BelleRive Bevindt zich het bekende waker aquduct Pont du Gard. Het ligt in een prachtige natuurlijke omgeving en weet met zijn charme de&hellip;<\/p>\n","protected":false},"author":2,"featured_media":0,"parent":0,"menu_order":0,"comment_status":"closed","ping_status":"closed","template":"","meta":{"_monsterinsights_skip_tracking":false,"_monsterinsights_sitenote_active":false,"_monsterinsights_sitenote_note":"","_monsterinsights_sitenote_category":0,"_uf_show_specific_survey":0,"_uf_disable_surveys":false,"footnotes":""},"class_list":["post-2996","page","type-page","status-publish","hentry","entry"],"aioseo_notices":[],"_links":{"self":[{"href":"https:\/\/campingbellerive.fr\/nl\/wp-json\/wp\/v2\/pages\/2996\/"}],"collection":[{"href":"https:\/\/campingbellerive.fr\/nl\/wp-json\/wp\/v2\/pages\/"}],"about":[{"href":"https:\/\/campingbellerive.fr\/nl\/wp-json\/wp\/v2\/types\/page\/"}],"author":[{"embeddable":true,"href":"https:\/\/campingbellerive.fr\/nl\/wp-json\/wp\/v2\/users\/2\/"}],"replies":[{"embeddable":true,"href":"https:\/\/campingbellerive.fr\/nl\/wp-json\/wp\/v2\/comments\/?post=2996"}],"version-history":[{"count":5,"href":"https:\/\/campingbellerive.fr\/nl\/wp-json\/wp\/v2\/pages\/2996\/revisions\/"}],"predecessor-version":[{"id":3293,"href":"https:\/\/campingbellerive.fr\/nl\/wp-json\/wp\/v2\/pages\/2996\/revisions\/3293\/"}],"wp:attachment":[{"href":"https:\/\/campingbellerive.fr\/nl\/wp-json\/wp\/v2\/media\/?parent=2996"}],"curies":[{"name":"wp","href":"https:\/\/api.w.org\/{rel}","templated":true}]}}