{"id":663,"date":"2012-03-06T11:52:08","date_gmt":"2012-03-06T11:52:08","guid":{"rendered":"http:\/\/campingbellerive.fr\/?page_id=663"},"modified":"2016-02-26T09:07:33","modified_gmt":"2016-02-26T08:07:33","slug":"rechtliche-hinweise","status":"publish","type":"page","link":"https:\/\/campingbellerive.fr\/de\/rechtliche-hinweise\/","title":{"rendered":"Rechtliche Hinweise"},"content":{"rendered":"<h3>Redakteur der Website<\/h3>\n<p>F\u00fcr alle Vorschl\u00e4ge und R\u00fcckfragen zu unserer Website schreiben Sie uns bitte :<\/p>\n<p>&nbsp;<\/p>\n<p>Camping BelleRive<br \/>\nCours Antelme<br \/>\nF-30490 Montfrin<br \/>\nTel : +33 (0)4 66 57 20 79<\/p>\n<hr \/>\n<h3>Konzeption und Entwicklung<\/h3>\n<table style=\"border: 0 none;\" border=\"0\" cellspacing=\"0\" cellpadding=\"0\">\n<tbody>\n<tr>\n<td style=\"border: 0 none; padding: 0;\" align=\"left\" valign=\"top\">\n<table style=\"border: 0 none;\" border=\"0\" cellspacing=\"0\" cellpadding=\"0\">\n<tbody>\n<tr>\n<td style=\"border: 0 none; padding: 0;\" align=\"left\" valign=\"top\"><strong>Abscisse Formation<\/strong><br \/>\nEsplanade de France<br \/>\n3, rue Jacques Constant Milleret<br \/>\n42000 Saint Etienne<br \/>\nT\u00e9l : 09 841 09\u00a0&#8211; Fax :\u00a006 52 21 27 57<br \/>\nSite internet :\u00a0<a href=\"http:\/\/www.formation-wordpress.fr\">www.formation-wordpress.fr<\/a><\/td>\n<td style=\"border: 0 none; padding: 0;\" width=\"15\"><\/td>\n<\/tr>\n<\/tbody>\n<\/table>\n<\/td>\n<td style=\"border: 0 none; padding: 0;\" width=\"15\"><\/td>\n<td style=\"border: 0 none; padding: 0;\" valign=\"top\"><strong>CIM Multim\u00e9dia<\/strong> (<a href=\"http:\/\/www.dlsoftware.fr\/\" target=\"_blank\">groupe DL Software<\/a>)<br \/>\n8, Avenue de l\u2019Horizon<br \/>\nParc Scientifique de la Haute Borne<br \/>\n59 650 VILLENEUVE D\u2019ASCQ<br \/>\nT\u00e9l : 03 20 65 96 65 &#8211; Fax : 03 20 66 93 56<br \/>\nWebsite : <a href=\"http:\/\/www.cim-multimedia.fr\/\" target=\"_blank\">www.cim-multimedia.fr<\/a><\/td>\n<\/tr>\n<\/tbody>\n<\/table>\n<hr \/>\n<h3>Hinweise zum Datenschutz<\/h3>\n<p>Es ist uns ein Anliegen, die Vorschriften des Gesetzes \u00fcber die Informationsfreiheit (Art. 27 des Gesetzes Nummer 78-17 vom 6. Januar 1978) einzuhalten. Nach diesen haben Sie das Recht auf Einsicht, \u00c4nderung, Richtigstellung und L\u00f6schung der Sie betreffenden Daten. Zur Aus\u00fcbung dieses Rechts wenden Sie sich bitte an :<br \/>\nCamping BelleRive<br \/>\nCours Antelme<br \/>\nF-30490 Montfrin<\/p>\n<p>Website der Datenschutzkommission : <a title=\"Site de la CNIL\" href=\"http:\/\/www.cnil.fr\/\" target=\"_blank\">www.cnil.fr<\/a><\/p>\n","protected":false},"excerpt":{"rendered":"<p>Redakteur der Website F\u00fcr alle Vorschl\u00e4ge und R\u00fcckfragen zu unserer Website schreiben Sie uns bitte : &nbsp; Camping BelleRive Cours Antelme F-30490 Montfrin Tel : +33 (0)4 66 57 20 79 Konzeption und Entwicklung Abscisse Formation Esplanade de France 3,&hellip;<\/p>\n","protected":false},"author":2,"featured_media":0,"parent":0,"menu_order":155,"comment_status":"closed","ping_status":"open","template":"","meta":{"_monsterinsights_skip_tracking":false,"_monsterinsights_sitenote_active":false,"_monsterinsights_sitenote_note":"","_monsterinsights_sitenote_category":0,"_uf_show_specific_survey":0,"_uf_disable_surveys":false,"footnotes":""},"class_list":["post-663","page","type-page","status-publish","hentry","entry"],"aioseo_notices":[],"_links":{"self":[{"href":"https:\/\/campingbellerive.fr\/de\/wp-json\/wp\/v2\/pages\/663\/"}],"collection":[{"href":"https:\/\/campingbellerive.fr\/de\/wp-json\/wp\/v2\/pages\/"}],"about":[{"href":"https:\/\/campingbellerive.fr\/de\/wp-json\/wp\/v2\/types\/page\/"}],"author":[{"embeddable":true,"href":"https:\/\/campingbellerive.fr\/de\/wp-json\/wp\/v2\/users\/2\/"}],"replies":[{"embeddable":true,"href":"https:\/\/campingbellerive.fr\/de\/wp-json\/wp\/v2\/comments\/?post=663"}],"version-history":[{"count":3,"href":"https:\/\/campingbellerive.fr\/de\/wp-json\/wp\/v2\/pages\/663\/revisions\/"}],"predecessor-version":[{"id":3398,"href":"https:\/\/campingbellerive.fr\/de\/wp-json\/wp\/v2\/pages\/663\/revisions\/3398\/"}],"wp:attachment":[{"href":"https:\/\/campingbellerive.fr\/de\/wp-json\/wp\/v2\/media\/?parent=663"}],"curies":[{"name":"wp","href":"https:\/\/api.w.org\/{rel}","templated":true}]}}