{"id":2974,"date":"2016-02-08T19:11:16","date_gmt":"2016-02-08T18:11:16","guid":{"rendered":"http:\/\/campingbellerive.fr\/de\/?page_id=2974"},"modified":"2018-12-16T10:53:15","modified_gmt":"2018-12-16T09:53:15","slug":"unterkuenfte-und-camping-standorten-bellerive-4","status":"publish","type":"page","link":"https:\/\/campingbellerive.fr\/de\/unterkuenfte-und-camping-standorten-bellerive-4\/","title":{"rendered":"Unterk\u00fcnfte und Camping Standorte"},"content":{"rendered":"<h2 style=\"text-align: left;\"><span style=\"font-size: 32px;\">Unterk\u00fcnfte und Camping Standorte BelleRive<\/span><\/h2>\n<h2>Die Safari Lodgen<\/h2>\n\n<h5>Die Exklusivit\u00e4t und der Komfort unserer Safari Lodges erleben!<\/h5>\n<p>Lodges-Zelt\u00a035 m\u00b2, 6\u00a0Personen<br \/>\n&#8211; 1\u00a0Schlafzimmer mit Doppelbett<br \/>\n&#8211; 1\u00a0Schlafzimmer mit 1 Etagenbett f\u00fcr 2 Personnen<br \/>\n&#8211;\u00a0K\u00fcchenecke mit K\u00fchlschrank, Sp\u00fclbecken,<br \/>\n&#8211; Kochplatten, Geschirr<br \/>\n&#8211; 1\u00a0Wohnzimmer mit Sofabett f\u00fcr 2 Personen<br \/>\n&#8211; Tisch, St\u00fchle<br \/>\n&#8211;\u00a0Aussenterrasse<br \/>\n&#8211; Dusche \/ Waschbecken\u00a0\/ WC \/ Warmwassertank\u00a0150 l<\/p>\n<p>&nbsp;<\/p>\n<h2><span style=\"line-height: 1.5;\">Les Lavandes (Mobil Home) im Camping BelleRive<\/span><\/h2>\n<div id=\"gallery-0\" class=\"wpex-gallery wpex-row lightbox-group clr\"><figure class=\"gallery-item span_1_of_3 col col-1\"><a href=\"https:\/\/campingbellerive.fr\/wp-content\/uploads\/20180729_111134-2.jpg\" title=\"\" class=\"wpex-lightbox-group-item\" data-type=\"image\"><img loading=\"lazy\" decoding=\"async\" src=\"https:\/\/campingbellerive.fr\/wp-content\/uploads\/20180729_111134-2-1024x1024.jpg\" width=\"1024\" height=\"1024\" alt=\"20180729 111134 2\" \/><\/a><\/figure><figure class=\"gallery-item span_1_of_3 col col-2\"><a href=\"https:\/\/campingbellerive.fr\/wp-content\/uploads\/20150620_182619-2.jpg\" title=\"\" class=\"wpex-lightbox-group-item\" data-type=\"image\"><img loading=\"lazy\" decoding=\"async\" src=\"https:\/\/campingbellerive.fr\/wp-content\/uploads\/20150620_182619-2-1024x1000.jpg\" width=\"1024\" height=\"1000\" alt=\"Ext\u00e9rieur\" \/><\/a><\/figure><figure class=\"gallery-item span_1_of_3 col col-3\"><a href=\"https:\/\/campingbellerive.fr\/wp-content\/uploads\/20150620_183345-1.jpg\" title=\"\" class=\"wpex-lightbox-group-item\" data-type=\"image\"><img loading=\"lazy\" decoding=\"async\" src=\"https:\/\/campingbellerive.fr\/wp-content\/uploads\/20150620_183345-1-1024x1001.jpg\" width=\"1024\" height=\"1001\" alt=\"Salon\" \/><\/a><\/figure><figure class=\"gallery-item span_1_of_3 col col-1\"><a href=\"https:\/\/campingbellerive.fr\/wp-content\/uploads\/20150620_183351-2.jpg\" title=\"\" class=\"wpex-lightbox-group-item\" data-type=\"image\"><img loading=\"lazy\" decoding=\"async\" src=\"https:\/\/campingbellerive.fr\/wp-content\/uploads\/20150620_183351-2-1024x1001.jpg\" width=\"1024\" height=\"1001\" alt=\"Cuisine\" \/><\/a><\/figure><figure class=\"gallery-item span_1_of_3 col col-2\"><a href=\"https:\/\/campingbellerive.fr\/wp-content\/uploads\/20150621_123333-2.jpg\" title=\"\" class=\"wpex-lightbox-group-item\" data-type=\"image\"><img loading=\"lazy\" decoding=\"async\" src=\"https:\/\/campingbellerive.fr\/wp-content\/uploads\/20150621_123333-2-1024x1000.jpg\" width=\"1024\" height=\"1000\" alt=\"Double Lit\" \/><\/a><\/figure><figure class=\"gallery-item span_1_of_3 col col-3\"><a href=\"https:\/\/campingbellerive.fr\/wp-content\/uploads\/20150621_123518-2.jpg\" title=\"\" class=\"wpex-lightbox-group-item\" data-type=\"image\"><img loading=\"lazy\" decoding=\"async\" src=\"https:\/\/campingbellerive.fr\/wp-content\/uploads\/20150621_123518-2-1024x1001.jpg\" width=\"1024\" height=\"1001\" alt=\"Deux Lits Simples\" \/><\/a><\/figure><\/div>\n\n<h5 style=\"text-align: left;\"><span style=\"font-size: 16px;\">Um die Freuden der Authentizit\u00e4t zu erleben, ohne auf die Annehmlichkeiten modernen Komforts zu verzichten, bieten wir :<br \/>\n<\/span><\/h5>\n<p>Mobil Home\u00a035 m\u00b2, 4-6 Personnen<br \/>\n&#8211; 1 Schlafzimmer mit Doppelbett (140*190)<br \/>\n&#8211; 1 Schlafzimmer mit\u00a0 2 Betten (90*190)<br \/>\n&#8211; K\u00fcche , K\u00fchlschrank, Tiefk\u00fchler, Sp\u00fclbecken,<br \/>\n&#8211; Kochplatten, Mikrowelle, Kaffeemaschine, Geschirr<br \/>\n&#8211; 1 Wohnzimmer (Schlafgelengenheit f\u00fcr 2 Personnen)<br \/>\n&#8211; Dusche \/ Waschbecken\u00a0\/ WC<br \/>\n&#8211; Aussenterrasse<br \/>\n&#8211; Klimaanlage<\/p>\n<h2><span style=\"line-height: 1.5;\">Les Mimosas (chalet confort) im Camping BelleRive<\/span><\/h2>\n<div id=\"gallery-0\" class=\"wpex-gallery wpex-row lightbox-group clr\"><figure class=\"gallery-item span_1_of_3 col col-1\"><a href=\"https:\/\/campingbellerive.fr\/wp-content\/uploads\/Chalet-05-1.jpg\" title=\"\" class=\"wpex-lightbox-group-item\" data-type=\"image\"><img loading=\"lazy\" decoding=\"async\" src=\"https:\/\/campingbellerive.fr\/wp-content\/uploads\/Chalet-05-1-1024x1001.jpg\" width=\"1024\" height=\"1001\" alt=\"Ext\u00e9rieur\" \/><\/a><\/figure><figure class=\"gallery-item span_1_of_3 col col-2\"><a href=\"https:\/\/campingbellerive.fr\/wp-content\/uploads\/20140917_154249-1.jpg\" title=\"\" class=\"wpex-lightbox-group-item\" data-type=\"image\"><img loading=\"lazy\" decoding=\"async\" src=\"https:\/\/campingbellerive.fr\/wp-content\/uploads\/20140917_154249-1-1024x1000.jpg\" width=\"1024\" height=\"1000\" alt=\"Cuisine\" \/><\/a><\/figure><figure class=\"gallery-item span_1_of_3 col col-3\"><a href=\"https:\/\/campingbellerive.fr\/wp-content\/uploads\/20140917_153906-2.jpg\" title=\"\" class=\"wpex-lightbox-group-item\" data-type=\"image\"><img loading=\"lazy\" decoding=\"async\" src=\"https:\/\/campingbellerive.fr\/wp-content\/uploads\/20140917_153906-2-1024x1000.jpg\" width=\"1024\" height=\"1000\" alt=\"Lit Double\" \/><\/a><\/figure><figure class=\"gallery-item span_1_of_3 col col-1\"><a href=\"https:\/\/campingbellerive.fr\/wp-content\/uploads\/20140917_153951-1.jpg\" title=\"\" class=\"wpex-lightbox-group-item\" data-type=\"image\"><img loading=\"lazy\" decoding=\"async\" src=\"https:\/\/campingbellerive.fr\/wp-content\/uploads\/20140917_153951-1-1024x1002.jpg\" width=\"1024\" height=\"1002\" alt=\"Lits Simples\" \/><\/a><\/figure><figure class=\"gallery-item span_1_of_3 col col-2\"><a href=\"https:\/\/campingbellerive.fr\/wp-content\/uploads\/20140917_154013-1.jpg\" title=\"\" class=\"wpex-lightbox-group-item\" data-type=\"image\"><img loading=\"lazy\" decoding=\"async\" src=\"https:\/\/campingbellerive.fr\/wp-content\/uploads\/20140917_154013-1-1024x999.jpg\" width=\"1024\" height=\"999\" alt=\"Sanitaire\" \/><\/a><\/figure><figure class=\"gallery-item span_1_of_3 col col-3\"><a href=\"https:\/\/campingbellerive.fr\/wp-content\/uploads\/20140917_154619-2.jpg\" title=\"\" class=\"wpex-lightbox-group-item\" data-type=\"image\"><img loading=\"lazy\" decoding=\"async\" src=\"https:\/\/campingbellerive.fr\/wp-content\/uploads\/20140917_154619-2-1024x1001.jpg\" width=\"1024\" height=\"1001\" alt=\"Terrasse\" \/><\/a><\/figure><\/div>\n\n<p>Sie suchen den Genuss der Echtheit ohne auf das Vergn\u00fcgen des modernen Komforts zu verzichten, dann schlagen wir Ihnen unsere Chalets vor.<\/p>\n<p>Chalets 30 m\u00b2, 4\u00a0Personen<br \/>\n&#8211; 1\u00a0Schlafzimmer mit Doppelbett<br \/>\n&#8211; 1\u00a0Schlafzimmer Halbgeschoss 2 Einzelbette<br \/>\n&#8211; K\u00fcchenecke mit K\u00fchlschrank, Sp\u00fcllbecken,<br \/>\n&#8211; Kochplatten, Geschirr, Mikrowelle,<br \/>\n&#8211; Kaffeemaschine<br \/>\n&#8211; Esszimmerecke<br \/>\n&#8211; Dusche,\u00a0WC<br \/>\n&#8211;\u00a0Aussenterrasse<br \/>\n&#8211;\u00a0Klimaanlage<\/p>\n<p>&nbsp;<\/p>\n<h2><span style=\"line-height: 1.5;\">Les Lauriers (chalet standard) im Camping BelleRive<\/span><\/h2>\n<div id=\"gallery-0\" class=\"wpex-gallery wpex-row lightbox-group clr\"><figure class=\"gallery-item span_1_of_3 col col-1\"><a href=\"https:\/\/campingbellerive.fr\/wp-content\/uploads\/DSC_0079-1.jpg\" title=\"\" class=\"wpex-lightbox-group-item\" data-type=\"image\"><img loading=\"lazy\" decoding=\"async\" src=\"https:\/\/campingbellerive.fr\/wp-content\/uploads\/DSC_0079-1-1024x999.jpg\" width=\"1024\" height=\"999\" alt=\"Ext\u00e9rieur\" \/><\/a><\/figure><figure class=\"gallery-item span_1_of_3 col col-2\"><a href=\"https:\/\/campingbellerive.fr\/wp-content\/uploads\/Cuisine-2.jpg\" title=\"\" class=\"wpex-lightbox-group-item\" data-type=\"image\"><img loading=\"lazy\" decoding=\"async\" src=\"https:\/\/campingbellerive.fr\/wp-content\/uploads\/Cuisine-2-1024x993.jpg\" width=\"1024\" height=\"993\" alt=\"Cuisine\" \/><\/a><\/figure><figure class=\"gallery-item span_1_of_3 col col-3\"><a href=\"https:\/\/campingbellerive.fr\/wp-content\/uploads\/20131002_110409-1.jpg\" title=\"\" class=\"wpex-lightbox-group-item\" data-type=\"image\"><img loading=\"lazy\" decoding=\"async\" src=\"https:\/\/campingbellerive.fr\/wp-content\/uploads\/20131002_110409-1-1024x1000.jpg\" width=\"1024\" height=\"1000\" alt=\"Lit Double\" \/><\/a><\/figure><figure class=\"gallery-item span_1_of_3 col col-1\"><a href=\"https:\/\/campingbellerive.fr\/wp-content\/uploads\/20131002_110420-1.jpg\" title=\"\" class=\"wpex-lightbox-group-item\" data-type=\"image\"><img loading=\"lazy\" decoding=\"async\" src=\"https:\/\/campingbellerive.fr\/wp-content\/uploads\/20131002_110420-1-1024x1001.jpg\" width=\"1024\" height=\"1001\" alt=\"Lits Simples\" \/><\/a><\/figure><figure class=\"gallery-item span_1_of_3 col col-2\"><a href=\"https:\/\/campingbellerive.fr\/wp-content\/uploads\/20131002_110432-1.jpg\" title=\"\" class=\"wpex-lightbox-group-item\" data-type=\"image\"><img loading=\"lazy\" decoding=\"async\" src=\"https:\/\/campingbellerive.fr\/wp-content\/uploads\/20131002_110432-1-1024x1001.jpg\" width=\"1024\" height=\"1001\" alt=\"Sanitaire\" \/><\/a><\/figure><figure class=\"gallery-item span_1_of_3 col col-3\"><a href=\"https:\/\/campingbellerive.fr\/wp-content\/uploads\/DSC_0098-1.jpg\" title=\"\" class=\"wpex-lightbox-group-item\" data-type=\"image\"><img loading=\"lazy\" decoding=\"async\" src=\"https:\/\/campingbellerive.fr\/wp-content\/uploads\/DSC_0098-1-1024x999.jpg\" width=\"1024\" height=\"999\" alt=\"Ext\u00e9rieur\" \/><\/a><\/figure><\/div>\n\n<p>&nbsp;<\/p>\n<p>Suchen Sie den Genuss der Echtheit ohne auf das Vergn\u00fcgen des modernen Komforts zu verzichten, dann schlagen wir Ihnen unsere Chalets vor.<\/p>\n<p>Chalets 30 m\u00b2, 4\u00a0Personen<br \/>\n&#8211; 1\u00a0Schlafzimmer mit Doppelbett<br \/>\n&#8211; 1\u00a0Schlafzimmer Halbgeschoss 2 Einzelbette<br \/>\n&#8211;\u00a0K\u00fcchenecke mit K\u00fchlschrank, Sp\u00fclbecken,<br \/>\n&#8211; Kochplatten, Geschirr<br \/>\n&#8211;\u00a0Esszimmerecke<br \/>\n&#8211; Dusche,\u00a0WC<br \/>\n&#8211;\u00a0Aussenterrasse<\/p>\n<p>&nbsp;<\/p>\n<h2>Les Muguets im Camping BelleRive<\/h2>\n<div id=\"gallery-0\" class=\"wpex-gallery wpex-row lightbox-group clr\"><figure class=\"gallery-item span_1_of_3 col col-1\"><a href=\"https:\/\/campingbellerive.fr\/wp-content\/uploads\/20180911_163318.jpg\" title=\"\" class=\"wpex-lightbox-group-item\" data-type=\"image\"><img loading=\"lazy\" decoding=\"async\" src=\"https:\/\/campingbellerive.fr\/wp-content\/uploads\/20180911_163318-1024x1024.jpg\" width=\"1024\" height=\"1024\" alt=\"20180911 163318\" \/><\/a><\/figure><figure class=\"gallery-item span_1_of_3 col col-2\"><a href=\"https:\/\/campingbellerive.fr\/wp-content\/uploads\/20180911_162953.jpg\" title=\"\" class=\"wpex-lightbox-group-item\" data-type=\"image\"><img loading=\"lazy\" decoding=\"async\" src=\"https:\/\/campingbellerive.fr\/wp-content\/uploads\/20180911_162953-1024x1024.jpg\" width=\"1024\" height=\"1024\" alt=\"20180911 162953\" \/><\/a><\/figure><figure class=\"gallery-item span_1_of_3 col col-3\"><a href=\"https:\/\/campingbellerive.fr\/wp-content\/uploads\/20180911_163001.jpg\" title=\"\" class=\"wpex-lightbox-group-item\" data-type=\"image\"><img loading=\"lazy\" decoding=\"async\" src=\"https:\/\/campingbellerive.fr\/wp-content\/uploads\/20180911_163001-1024x1024.jpg\" width=\"1024\" height=\"1024\" alt=\"20180911 163001\" \/><\/a><\/figure><figure class=\"gallery-item span_1_of_3 col col-1\"><a href=\"https:\/\/campingbellerive.fr\/wp-content\/uploads\/20180911_163238.jpg\" title=\"\" class=\"wpex-lightbox-group-item\" data-type=\"image\"><img loading=\"lazy\" decoding=\"async\" src=\"https:\/\/campingbellerive.fr\/wp-content\/uploads\/20180911_163238-1024x1024.jpg\" width=\"1024\" height=\"1024\" alt=\"20180911 163238\" \/><\/a><\/figure><figure class=\"gallery-item span_1_of_3 col col-2\"><a href=\"https:\/\/campingbellerive.fr\/wp-content\/uploads\/20180911_161804.jpg\" title=\"\" class=\"wpex-lightbox-group-item\" data-type=\"image\"><img loading=\"lazy\" decoding=\"async\" src=\"https:\/\/campingbellerive.fr\/wp-content\/uploads\/20180911_161804-1024x1024.jpg\" width=\"1024\" height=\"1024\" alt=\"20180911 161804\" \/><\/a><\/figure><\/div>\n\n<h2><span style=\"line-height: 1.5;\">Die Standorte im Camping BelleRive<br \/>\n<\/span><\/h2>\n<div id=\"gallery-0\" class=\"wpex-gallery wpex-row lightbox-group clr\"><figure class=\"gallery-item span_1_of_3 col col-1\"><a href=\"https:\/\/campingbellerive.fr\/wp-content\/uploads\/Hamac06-vertical-1.jpg\" title=\"\" class=\"wpex-lightbox-group-item\" data-type=\"image\"><img loading=\"lazy\" decoding=\"async\" src=\"https:\/\/campingbellerive.fr\/wp-content\/uploads\/Hamac06-vertical-1-1024x1002.jpg\" width=\"1024\" height=\"1002\" alt=\"Hamac\" \/><\/a><\/figure><figure class=\"gallery-item span_1_of_3 col col-2\"><a href=\"https:\/\/campingbellerive.fr\/wp-content\/uploads\/Caravannes-1.jpg\" title=\"\" class=\"wpex-lightbox-group-item\" data-type=\"image\"><img loading=\"lazy\" decoding=\"async\" src=\"https:\/\/campingbellerive.fr\/wp-content\/uploads\/Caravannes-1-1024x1001.jpg\" width=\"1024\" height=\"1001\" alt=\"Caravannes\" \/><\/a><\/figure><figure class=\"gallery-item span_1_of_3 col col-3\"><a href=\"https:\/\/campingbellerive.fr\/wp-content\/uploads\/Tentes-1.jpg\" title=\"\" class=\"wpex-lightbox-group-item\" data-type=\"image\"><img loading=\"lazy\" decoding=\"async\" src=\"https:\/\/campingbellerive.fr\/wp-content\/uploads\/Tentes-1-1024x1001.jpg\" width=\"1024\" height=\"1001\" alt=\"Tentes\" \/><\/a><\/figure><figure class=\"gallery-item span_1_of_3 col col-1\"><a href=\"https:\/\/campingbellerive.fr\/wp-content\/uploads\/Sanitaires-Hommes-1.jpg\" title=\"\" class=\"wpex-lightbox-group-item\" data-type=\"image\"><img loading=\"lazy\" decoding=\"async\" src=\"https:\/\/campingbellerive.fr\/wp-content\/uploads\/Sanitaires-Hommes-1-1024x999.jpg\" width=\"1024\" height=\"999\" alt=\"Sanitaires Hommes\" \/><\/a><\/figure><figure class=\"gallery-item span_1_of_3 col col-2\"><a href=\"https:\/\/campingbellerive.fr\/wp-content\/uploads\/Sanitaires-Dames-1.jpg\" title=\"\" class=\"wpex-lightbox-group-item\" data-type=\"image\"><img loading=\"lazy\" decoding=\"async\" src=\"https:\/\/campingbellerive.fr\/wp-content\/uploads\/Sanitaires-Dames-1-1024x1001.jpg\" width=\"1024\" height=\"1001\" alt=\"Sanitaires Dames\" \/><\/a><\/figure><figure class=\"gallery-item span_1_of_3 col col-3\"><a href=\"https:\/\/campingbellerive.fr\/wp-content\/uploads\/machine-a-laver-3.jpg\" title=\"\" class=\"wpex-lightbox-group-item\" data-type=\"image\"><img loading=\"lazy\" decoding=\"async\" src=\"https:\/\/campingbellerive.fr\/wp-content\/uploads\/machine-a-laver-3-1024x999.jpg\" width=\"1024\" height=\"999\" alt=\"Machine \u00e0 Laver\" \/><\/a><\/figure><figure class=\"gallery-item span_1_of_3 col col-1\"><a href=\"https:\/\/campingbellerive.fr\/wp-content\/uploads\/Pingpong-1.jpg\" title=\"\" class=\"wpex-lightbox-group-item\" data-type=\"image\"><img loading=\"lazy\" decoding=\"async\" src=\"https:\/\/campingbellerive.fr\/wp-content\/uploads\/Pingpong-1-1024x1000.jpg\" width=\"1024\" height=\"1000\" alt=\"Pinpong\" \/><\/a><\/figure><figure class=\"gallery-item span_1_of_3 col col-2\"><a href=\"https:\/\/campingbellerive.fr\/wp-content\/uploads\/Gardon-2.jpg\" title=\"\" class=\"wpex-lightbox-group-item\" data-type=\"image\"><img loading=\"lazy\" decoding=\"async\" src=\"https:\/\/campingbellerive.fr\/wp-content\/uploads\/Gardon-2-1024x1003.jpg\" width=\"1024\" height=\"1003\" alt=\"Gardon\" \/><\/a><\/figure><figure class=\"gallery-item span_1_of_3 col col-3\"><a href=\"https:\/\/campingbellerive.fr\/wp-content\/uploads\/Emplacements-1-1.jpg\" title=\"\" class=\"wpex-lightbox-group-item\" data-type=\"image\"><img loading=\"lazy\" decoding=\"async\" src=\"https:\/\/campingbellerive.fr\/wp-content\/uploads\/Emplacements-1-1-1024x1002.jpg\" width=\"1024\" height=\"1002\" alt=\"Emplacement\" \/><\/a><\/figure><figure class=\"gallery-item span_1_of_3 col col-1\"><a href=\"https:\/\/campingbellerive.fr\/wp-content\/uploads\/Emplacement-2-1.jpg\" title=\"\" class=\"wpex-lightbox-group-item\" data-type=\"image\"><img loading=\"lazy\" decoding=\"async\" src=\"https:\/\/campingbellerive.fr\/wp-content\/uploads\/Emplacement-2-1-1024x1001.jpg\" width=\"1024\" height=\"1001\" alt=\"Emplacement\" \/><\/a><\/figure><figure class=\"gallery-item span_1_of_3 col col-2\"><a href=\"https:\/\/campingbellerive.fr\/wp-content\/uploads\/Canoe-2-1.jpg\" title=\"\" class=\"wpex-lightbox-group-item\" data-type=\"image\"><img loading=\"lazy\" decoding=\"async\" src=\"https:\/\/campingbellerive.fr\/wp-content\/uploads\/Canoe-2-1-1024x999.jpg\" width=\"1024\" height=\"999\" alt=\"Canoe 2\" \/><\/a><\/figure><figure class=\"gallery-item span_1_of_3 col col-3\"><a href=\"https:\/\/campingbellerive.fr\/wp-content\/uploads\/Screen-Shot-2016-01-03-at-17.13.14.png\" title=\"\" class=\"wpex-lightbox-group-item\" data-type=\"image\"><img loading=\"lazy\" decoding=\"async\" src=\"https:\/\/campingbellerive.fr\/wp-content\/uploads\/Screen-Shot-2016-01-03-at-17.13.14.png\" width=\"525\" height=\"533\" alt=\"Servitudes Caravanne\" \/><\/a><\/figure><\/div>\n\n<p><span style=\"font-size: 16px;\">Auf 2.5 ha, sind unsere Campingpl\u00e4tze komfortabel, der Zugang einfach und sie liegen alle im Schatten. Die Sanit\u00e4ranlage ist erneuert worden.\u00a0 Es wird Strom (6 oder 10 Amp.) auf den Konfortstandorten mitgeliefert. <\/span><span style=\"font-size: 16px;\">Personen mit eingeschr\u00e4nkter Mobilit\u00e4t sind willkommen.<\/span><\/p>\n","protected":false},"excerpt":{"rendered":"<p>Unterk\u00fcnfte und Camping Standorte BelleRive Die Safari Lodgen Die Exklusivit\u00e4t und der Komfort unserer Safari Lodges erleben! Lodges-Zelt\u00a035 m\u00b2, 6\u00a0Personen &#8211; 1\u00a0Schlafzimmer mit Doppelbett &#8211; 1\u00a0Schlafzimmer mit 1 Etagenbett f\u00fcr 2 Personnen &#8211;\u00a0K\u00fcchenecke mit K\u00fchlschrank, Sp\u00fclbecken, &#8211; Kochplatten, Geschirr &#8211;&hellip;<\/p>\n","protected":false},"author":2,"featured_media":0,"parent":0,"menu_order":0,"comment_status":"closed","ping_status":"closed","template":"","meta":{"_monsterinsights_skip_tracking":false,"_monsterinsights_sitenote_active":false,"_monsterinsights_sitenote_note":"","_monsterinsights_sitenote_category":0,"_uf_show_specific_survey":0,"_uf_disable_surveys":false,"footnotes":""},"class_list":["post-2974","page","type-page","status-publish","hentry","entry"],"aioseo_notices":[],"_links":{"self":[{"href":"https:\/\/campingbellerive.fr\/de\/wp-json\/wp\/v2\/pages\/2974\/"}],"collection":[{"href":"https:\/\/campingbellerive.fr\/de\/wp-json\/wp\/v2\/pages\/"}],"about":[{"href":"https:\/\/campingbellerive.fr\/de\/wp-json\/wp\/v2\/types\/page\/"}],"author":[{"embeddable":true,"href":"https:\/\/campingbellerive.fr\/de\/wp-json\/wp\/v2\/users\/2\/"}],"replies":[{"embeddable":true,"href":"https:\/\/campingbellerive.fr\/de\/wp-json\/wp\/v2\/comments\/?post=2974"}],"version-history":[{"count":11,"href":"https:\/\/campingbellerive.fr\/de\/wp-json\/wp\/v2\/pages\/2974\/revisions\/"}],"predecessor-version":[{"id":3661,"href":"https:\/\/campingbellerive.fr\/de\/wp-json\/wp\/v2\/pages\/2974\/revisions\/3661\/"}],"wp:attachment":[{"href":"https:\/\/campingbellerive.fr\/de\/wp-json\/wp\/v2\/media\/?parent=2974"}],"curies":[{"name":"wp","href":"https:\/\/api.w.org\/{rel}","templated":true}]}}