{"id":2962,"date":"2016-02-08T17:26:58","date_gmt":"2016-02-08T16:26:58","guid":{"rendered":"http:\/\/campingbellerive.fr\/de\/?page_id=2962"},"modified":"2019-02-03T10:06:47","modified_gmt":"2019-02-03T09:06:47","slug":"wie-kommen-sie-auf-dem-campingplatz-bellerive-an-4","status":"publish","type":"page","link":"https:\/\/campingbellerive.fr\/de\/wie-kommen-sie-auf-dem-campingplatz-bellerive-an-4\/","title":{"rendered":"Anfahrt"},"content":{"rendered":"<h2>So kommen Sie zum Campingplatz BelleRive ?<\/h2>\n<h2>BelleRive liegt zwischen Avignon und N\u00eemes, und zwischen dem Pont du Gard und der Camargue (Arles).<\/h2>\n<p>&nbsp;<\/p>\n<p><a href=\"http:\/\/campingbellerive.fr\/wp-content\/uploads\/carte-4.jpg\" rel=\"attachment wp-att-2697\"><img loading=\"lazy\" decoding=\"async\" class=\"alignnone wp-image-2697\" src=\"http:\/\/campingbellerive.fr\/wp-content\/uploads\/carte-4-300x187.jpg\" alt=\"carte\" width=\"637\" height=\"397\" srcset=\"https:\/\/campingbellerive.fr\/wp-content\/uploads\/carte-4-300x187.jpg 300w, https:\/\/campingbellerive.fr\/wp-content\/uploads\/carte-4-768x480.jpg 768w, https:\/\/campingbellerive.fr\/wp-content\/uploads\/carte-4-1024x639.jpg 1024w, https:\/\/campingbellerive.fr\/wp-content\/uploads\/carte-4.jpg 1600w\" sizes=\"auto, (max-width: 637px) 100vw, 637px\" \/><\/a><\/p>\n<p>&nbsp;<\/p>\n<p><iframe loading=\"lazy\" style=\"border: 0;\" src=\"https:\/\/www.google.com\/maps\/embed?pb=!1m14!1m8!1m3!1d17946.32584444113!2d4.596124460888482!3d43.8823411039942!3m2!1i1024!2i768!4f13.1!3m3!1m2!1s0x0000000000000000%3A0xdabd666efdd7ea67!2sCamping+Bellerive!5e0!3m2!1sen!2sus!4v1454078728100\" width=\"800\" height=\"600\" frameborder=\"0\" allowfullscreen=\"allowfullscreen\"><\/iframe><\/p>\n<p>Bei uns werden Sie herzlich und gastfreundlich empfangen. Sie k\u00f6nnen sicher sein, Ihre Ferien werden zum Traumurlaub. Das Camping ist reichlich beschattet, es erm\u00f6glich Ihnen einen Aufenthalt voller Entspannungs- und Entdeckungsm\u00f6glichkeiten.<br \/>\nIn der N\u00e4he gelegene St\u00e4dte: N\u00eemes, Avignon, Arles<br \/>\n\u2013 Avignon-Bahnhof TGV 15 Minuten entfernt<br \/>\n\u2013 Flughafen Marseille Marignane 1 Std 15 Min. entfernt<br \/>\n\u2013 Flughafen Montpellier 45 Minuten entfernt<br \/>\nAb Richtung Valence, Autobahn A9\/E15, Ausfahrt 23, Remoulins, BelleRive befindet sich nach 7.5 km.<br \/>\nAb Richtung Montpellier, Autobahn A9\/E15, Ausfahrt 24, N\u00eemes Est, BelleRive befindet sich nach 18 km.<\/p>\n<h4>GPS-Koordinaten:<br \/>\nBreitengrad N 43\u00b0 52\u2032 47\u2033<br \/>\nL\u00e4ngengrad O 4\u00b0 35\u2032 24\u2033 <\/h4>\n<p>&nbsp;<\/p>\n","protected":false},"excerpt":{"rendered":"<p>So kommen Sie zum Campingplatz BelleRive ? BelleRive liegt zwischen Avignon und N\u00eemes, und zwischen dem Pont du Gard und der Camargue (Arles). &nbsp; &nbsp; Bei uns werden Sie herzlich und gastfreundlich empfangen. Sie k\u00f6nnen sicher sein, Ihre Ferien werden&hellip;<\/p>\n","protected":false},"author":2,"featured_media":0,"parent":0,"menu_order":0,"comment_status":"closed","ping_status":"closed","template":"","meta":{"_monsterinsights_skip_tracking":false,"_monsterinsights_sitenote_active":false,"_monsterinsights_sitenote_note":"","_monsterinsights_sitenote_category":0,"_uf_show_specific_survey":0,"_uf_disable_surveys":false,"footnotes":""},"class_list":["post-2962","page","type-page","status-publish","hentry","entry"],"aioseo_notices":[],"_links":{"self":[{"href":"https:\/\/campingbellerive.fr\/de\/wp-json\/wp\/v2\/pages\/2962\/"}],"collection":[{"href":"https:\/\/campingbellerive.fr\/de\/wp-json\/wp\/v2\/pages\/"}],"about":[{"href":"https:\/\/campingbellerive.fr\/de\/wp-json\/wp\/v2\/types\/page\/"}],"author":[{"embeddable":true,"href":"https:\/\/campingbellerive.fr\/de\/wp-json\/wp\/v2\/users\/2\/"}],"replies":[{"embeddable":true,"href":"https:\/\/campingbellerive.fr\/de\/wp-json\/wp\/v2\/comments\/?post=2962"}],"version-history":[{"count":8,"href":"https:\/\/campingbellerive.fr\/de\/wp-json\/wp\/v2\/pages\/2962\/revisions\/"}],"predecessor-version":[{"id":3741,"href":"https:\/\/campingbellerive.fr\/de\/wp-json\/wp\/v2\/pages\/2962\/revisions\/3741\/"}],"wp:attachment":[{"href":"https:\/\/campingbellerive.fr\/de\/wp-json\/wp\/v2\/media\/?parent=2962"}],"curies":[{"name":"wp","href":"https:\/\/api.w.org\/{rel}","templated":true}]}}