{"id":2956,"date":"2016-02-08T17:13:55","date_gmt":"2016-02-08T16:13:55","guid":{"rendered":"http:\/\/campingbellerive.fr\/de\/?page_id=2956"},"modified":"2016-02-23T09:18:14","modified_gmt":"2016-02-23T08:18:14","slug":"tourismus-aktivitaet-in-kurzer-entfernung-bellerive-gard-4","status":"publish","type":"page","link":"https:\/\/campingbellerive.fr\/de\/tourismus-aktivitaet-in-kurzer-entfernung-bellerive-gard-4\/","title":{"rendered":"Tourismus-Aktivit\u00e4t"},"content":{"rendered":"<h2>Tourismus-Aktivit\u00e4t in kurzer Entfernung von BelleRive (Gard)<\/h2>\n<h2>Pont du Gard 12 km von BelleRive entfernt.<\/h2>\n<p>UNESCO Weltkulturerbe seit 1985<br \/>\nNicht weit vom Camping entfernt entdecken Sie in einer unber\u00fchrten Landschaft den Pont du Gard, die Br\u00fccke f\u00fcr die Ewigkeit. Ihre Eleganz wir von jedem Besucher wahrgenommen. Auch \u00fcber zwei Tausend Jahre nach ihren Bau ist sie immer noch ein echtes Meisterwerk. <a title=\"Pont du Gard\" href=\"http:\/\/www.pontdugard.fr;%20http:\/\/www.ot-pontdugard.com\">(http:\/\/www.pontdugard.fr et http:\/\/www.ot-pontdugard.com)<\/a><\/p>\n<p><a href=\"http:\/\/campingbellerive.fr\/wp-content\/uploads\/Pont-du-Gard-2.jpg\" rel=\"attachment wp-att-2666\"><img loading=\"lazy\" decoding=\"async\" class=\"size-thumbnail wp-image-2666 aligncenter\" src=\"http:\/\/campingbellerive.fr\/wp-content\/uploads\/Pont-du-Gard-2-150x150.jpg\" alt=\"Pont du Gard\" width=\"150\" height=\"150\" \/><\/a><\/p>\n<h2>Pont d&#8217;Avignon 23 km von BelleRive entfernt.<\/h2>\n<p>UNESCO Weltkulturerbe. Vom 12. Jahrhundert an erbaut. <a title=\"Avignon\" href=\"http:\/\/www.avignon-tourisme.com\">(http:\/\/www.avignon-tourisme.com)<\/a><\/p>\n<h2>Festival d&#8217;Avignon 23 km von BelleRive entfernt.<\/h2>\n<p>Wurde im Jahre 1947 von Jean Vilar erschaffen. Eines der \u00e4ltesten und ber\u00fchmtesten Festival\u2019s der Welt. Theater aber auch Tanz, Lekt\u00fcre, Musik usw.<\/p>\n<p><a href=\"http:\/\/campingbellerive.fr\/wp-content\/uploads\/Avignon-1.jpg\" rel=\"attachment wp-att-2670\"><img loading=\"lazy\" decoding=\"async\" class=\"size-thumbnail wp-image-2670 aligncenter\" src=\"http:\/\/campingbellerive.fr\/wp-content\/uploads\/Avignon-1-150x150.jpg\" alt=\"Avignon\" width=\"150\" height=\"150\" \/><\/a><\/p>\n<h2>Palais des papes 23 km von BelleRive entfernt.<\/h2>\n<p>UNESCO Weltkulturerbe. Das Monument bildet den wichtigsten gotischen Papstpalast der Welt. (<a title=\"Avignon Office du Tourisme\" href=\"http:\/\/www.ot-avignon.fr\">http:\/\/www.ot-avignon.fr<\/a>)<\/p>\n<h2>Ar\u00e8nes de N\u00eemes\u00a0 24 km von BelleRive entfernt.<\/h2>\n<p>Das N\u00eemes-Amphitheater ist in der r\u00f6mischen Welt am Besten erhalten. Seit Ende des 1. Jahrhunderts an fanden dort wilde Tierspiele und Gladiatork\u00e4mpfe. Heute k\u00f6nnen Sie viele Veranstaltungen besuchen. (<a title=\"N\u00eemes Office du Tourisme\" href=\"http:\/\/www.ot-nimes.fr\">http:\/\/www.ot-nimes.fr<\/a>)<\/p>\n<p>F\u00e9ria de Pentec\u00f4te<br \/>\nDieses Fest zieht etwa eine Million Besucher in N\u00eemes an. Es dauert f\u00fcnf Tage, von Donnerstag bis Pfingstmontag<\/p>\n<p><a href=\"http:\/\/campingbellerive.fr\/wp-content\/uploads\/Nimes-2.jpg\" rel=\"attachment wp-att-2665\"><img loading=\"lazy\" decoding=\"async\" class=\"size-thumbnail wp-image-2665 aligncenter\" src=\"http:\/\/campingbellerive.fr\/wp-content\/uploads\/Nimes-2-150x150.jpg\" alt=\"N\u00eemes\" width=\"150\" height=\"150\" \/><\/a><\/p>\n<h2>Uz\u00e8s 26 km von BelleRive entfernt.<\/h2>\n<p>Uz\u00e8s ist eine Stadt der Kunst und Geschichte . Jeden Mittwoch und Samstagmorgen von 7.30 bis 13h kommen die Bauern\u00a0 auf dem Place aux Herbes (<a title=\"Uz\u00e8s Office du Tourisme\" href=\"http:\/\/www.uzes-tourisme.com\">http:\/\/www.uzes-tourisme.com<\/a>)<\/p>\n<p><a href=\"http:\/\/campingbellerive.fr\/wp-content\/uploads\/Uzes-2.jpg\" rel=\"attachment wp-att-2669\"><img loading=\"lazy\" decoding=\"async\" class=\"size-thumbnail wp-image-2669 aligncenter\" src=\"http:\/\/campingbellerive.fr\/wp-content\/uploads\/Uzes-2-150x150.jpg\" alt=\"Uz\u00e9s le march\u00e9\" width=\"150\" height=\"150\" \/><\/a><\/p>\n<h2>Arles 27 km von\u00a0 BelleRive entfernt.<\/h2>\n<p>Viele Kunstdenkm\u00e4ler geh\u00f6ren zum UNESCO Weltkulturerbe, eines davon ist das r\u00f6mische Amphitheater. (<a title=\"Arles Office du Tourisme\" href=\"http:\/\/www.arlestourisme.com\">http:\/\/www.arlestourisme.com<\/a>)<\/p>\n<p><a href=\"http:\/\/campingbellerive.fr\/wp-content\/uploads\/Arles-2.jpg\" rel=\"attachment wp-att-2668\"><img loading=\"lazy\" decoding=\"async\" class=\"size-thumbnail wp-image-2668 aligncenter\" src=\"http:\/\/campingbellerive.fr\/wp-content\/uploads\/Arles-2-150x150.jpg\" alt=\"Arles\" width=\"150\" height=\"150\" \/><\/a><\/p>\n<h2>Les Baux de Provence 32 km von BelleRive e.ntfernt<\/h2>\n<p>Eines der sch\u00f6nsten D\u00f6rfer Frankreichs. (<a title=\"Les Baux de Provence\" href=\"http:\/\/www.lesbauxdeprovence.com\">http:\/\/www.lesbauxdeprovence.com<\/a>)<\/p>\n<p><a href=\"http:\/\/campingbellerive.fr\/wp-content\/uploads\/Les-Baux-2.jpg\" rel=\"attachment wp-att-2667\"><img loading=\"lazy\" decoding=\"async\" class=\"size-thumbnail wp-image-2667 aligncenter\" src=\"http:\/\/campingbellerive.fr\/wp-content\/uploads\/Les-Baux-2-150x150.jpg\" alt=\"Les Baux de Provence\" width=\"150\" height=\"150\" \/><\/a><\/p>\n<h2>Tarascon 13 km von BelleRive entfernt.<\/h2>\n<p>13 km von BelleRive liegt das Schloss von K\u00f6nig Ren\u00e9. Es ist eine der sch\u00f6nsten mittelalterlichen Burgen Frankreichs und heute noch in einem sehr guten Zustand.\u00a0 (<a title=\"Tarascon Office du Tourisme\" href=\"http:\/\/www.infotourisme.net\/tourisme\/tarascon\">http:\/\/www.infotourisme.net\/tourisme\/tarascon<\/a>)<\/p>\n<p><a href=\"http:\/\/campingbellerive.fr\/wp-content\/uploads\/Tarascon-1.jpg\" rel=\"attachment wp-att-2671\"><img loading=\"lazy\" decoding=\"async\" class=\"size-thumbnail wp-image-2671 aligncenter\" src=\"http:\/\/campingbellerive.fr\/wp-content\/uploads\/Tarascon-1-150x150.jpg\" alt=\"Tarascon\" width=\"150\" height=\"150\" \/><\/a><\/p>\n","protected":false},"excerpt":{"rendered":"<p>Tourismus-Aktivit\u00e4t in kurzer Entfernung von BelleRive (Gard) Pont du Gard 12 km von BelleRive entfernt. UNESCO Weltkulturerbe seit 1985 Nicht weit vom Camping entfernt entdecken Sie in einer unber\u00fchrten Landschaft den Pont du Gard, die Br\u00fccke f\u00fcr die Ewigkeit. Ihre&hellip;<\/p>\n","protected":false},"author":2,"featured_media":0,"parent":0,"menu_order":0,"comment_status":"closed","ping_status":"closed","template":"","meta":{"_monsterinsights_skip_tracking":false,"_monsterinsights_sitenote_active":false,"_monsterinsights_sitenote_note":"","_monsterinsights_sitenote_category":0,"_uf_show_specific_survey":0,"_uf_disable_surveys":false,"footnotes":""},"class_list":["post-2956","page","type-page","status-publish","hentry","entry"],"aioseo_notices":[],"_links":{"self":[{"href":"https:\/\/campingbellerive.fr\/de\/wp-json\/wp\/v2\/pages\/2956\/"}],"collection":[{"href":"https:\/\/campingbellerive.fr\/de\/wp-json\/wp\/v2\/pages\/"}],"about":[{"href":"https:\/\/campingbellerive.fr\/de\/wp-json\/wp\/v2\/types\/page\/"}],"author":[{"embeddable":true,"href":"https:\/\/campingbellerive.fr\/de\/wp-json\/wp\/v2\/users\/2\/"}],"replies":[{"embeddable":true,"href":"https:\/\/campingbellerive.fr\/de\/wp-json\/wp\/v2\/comments\/?post=2956"}],"version-history":[{"count":6,"href":"https:\/\/campingbellerive.fr\/de\/wp-json\/wp\/v2\/pages\/2956\/revisions\/"}],"predecessor-version":[{"id":3370,"href":"https:\/\/campingbellerive.fr\/de\/wp-json\/wp\/v2\/pages\/2956\/revisions\/3370\/"}],"wp:attachment":[{"href":"https:\/\/campingbellerive.fr\/de\/wp-json\/wp\/v2\/media\/?parent=2956"}],"curies":[{"name":"wp","href":"https:\/\/api.w.org\/{rel}","templated":true}]}}