{"id":2921,"date":"2016-02-08T11:57:38","date_gmt":"2016-02-08T10:57:38","guid":{"rendered":"http:\/\/campingbellerive.fr\/de\/?page_id=2921"},"modified":"2016-02-27T09:20:10","modified_gmt":"2016-02-27T08:20:10","slug":"montfrint-endecken-stadt-in-der-naehe-des-bellerives-4","status":"publish","type":"page","link":"https:\/\/campingbellerive.fr\/de\/montfrint-endecken-stadt-in-der-naehe-des-bellerives-4\/","title":{"rendered":"Montfrin Endecken"},"content":{"rendered":"<h2>Montfrin, in der N\u00e4her des BelleRives (Gard)<\/h2>\n<p><a href=\"http:\/\/campingbellerive.fr\/wp-content\/uploads\/VIILES-FLEURIES-Montfrin.jpg\" rel=\"attachment wp-att-3400\"><img loading=\"lazy\" decoding=\"async\" class=\"size-full wp-image-3400\" src=\"http:\/\/campingbellerive.fr\/wp-content\/uploads\/VIILES-FLEURIES-Montfrin.jpg\" alt=\"Montfrin ville fleurie\" width=\"1849\" height=\"1336\" srcset=\"https:\/\/campingbellerive.fr\/wp-content\/uploads\/VIILES-FLEURIES-Montfrin.jpg 1849w, https:\/\/campingbellerive.fr\/wp-content\/uploads\/VIILES-FLEURIES-Montfrin-300x217.jpg 300w, https:\/\/campingbellerive.fr\/wp-content\/uploads\/VIILES-FLEURIES-Montfrin-768x555.jpg 768w, https:\/\/campingbellerive.fr\/wp-content\/uploads\/VIILES-FLEURIES-Montfrin-1024x740.jpg 1024w\" sizes=\"auto, (max-width: 1849px) 100vw, 1849px\" \/><\/a><\/p>\n<p><span lang=\"de\" style=\"font-size: 18px; font-family: symbol;\">Montfrin liegt zwischen der Rh\u00f4ne und Gardon, und bedeudet in Latein (&#8222;monsferinus&#8220;) Berg gamey. Montfrin ist eine Gemeinde mit einem reichen Kulturerbe und wird dominiert von seinem Schloss, dass unter Denkmalschutz steht.<br \/>\n<\/span><span lang=\"de\" style=\"font-size: 16px;\">Strand am Fluss des Gardon, Salsa, Markt am Dienstag Morgen , Nachtm\u00e4rkte , Weindegustationen , \u00d6lm\u00fchle , Feuerwerk , Camargue, H\u00f6hlen , Bambusgarten, F\u00eate votive von Montfrin , N\u00eemes F\u00e9ria vom 5. bis 10. Mai 2016, Arles F\u00e9ria vom 2. bis 6. April 2016.<\/span><\/p>\n<p><a href=\"http:\/\/www.montfrin.com\/2.cfm?p=43-presentation-village-pittoresque-provence-sud-gard\">Entdecken Sie die Stadt Montfrin<\/a>&#8230;<\/p>\n<div id=\"gallery-0\" class=\"wpex-gallery wpex-row lightbox-group clr\"><figure class=\"gallery-item span_1_of_3 col col-1\"><a href=\"https:\/\/campingbellerive.fr\/wp-content\/uploads\/Piscine.jpg\" title=\"\" class=\"wpex-lightbox-group-item\" data-type=\"image\"><img loading=\"lazy\" decoding=\"async\" src=\"https:\/\/campingbellerive.fr\/wp-content\/uploads\/Piscine-1024x1003.jpg\" width=\"1024\" height=\"1003\" alt=\"Piscine\" \/><\/a><\/figure><figure class=\"gallery-item span_1_of_3 col col-2\"><a href=\"https:\/\/campingbellerive.fr\/wp-content\/uploads\/Parcour-sante.jpg\" title=\"\" class=\"wpex-lightbox-group-item\" data-type=\"image\"><img loading=\"lazy\" decoding=\"async\" src=\"https:\/\/campingbellerive.fr\/wp-content\/uploads\/Parcour-sante-1024x1002.jpg\" width=\"1024\" height=\"1002\" alt=\"Parcour Sant\u00e9\" \/><\/a><\/figure><figure class=\"gallery-item span_1_of_3 col col-3\"><a href=\"https:\/\/campingbellerive.fr\/wp-content\/uploads\/Montfrin-Taureau-1.jpg\" title=\"\" class=\"wpex-lightbox-group-item\" data-type=\"image\"><img loading=\"lazy\" decoding=\"async\" src=\"https:\/\/campingbellerive.fr\/wp-content\/uploads\/Montfrin-Taureau-1-1024x1000.jpg\" width=\"1024\" height=\"1000\" alt=\"Taureau\" \/><\/a><\/figure><\/div>\n\n<h2 style=\"text-align: left;\">Schwimmbad 50 m von BelleRive entfernt<\/h2>\n<p style=\"text-align: left;\"><span style=\"text-decoration: underline;\"><strong>\u00d6ffnungszeiten<\/strong><\/span>: Vom 1. Juli bis zum 31. August 2016, jeden Tag ausser Montag<\/p>\n<p style=\"text-align: left;\"><span style=\"text-decoration: underline;\">Zeiten: <\/span>10h&gt;12h &#8211; 15h&gt;19h<\/p>\n<h2 style=\"text-align: left;\">Fitnessparcours in der N\u00e4he des Campings BelleRive<\/h2>\n<p style=\"text-align: left;\">T\u00e4glich ge\u00f6ffnet<\/p>\n<h2 style=\"text-align: left;\">Die Gemeinde Arena<\/h2>\n<p style=\"text-align: left;\">Course camarguaise (Stierrennen)<\/p>\n<div id=\"gallery-0\" class=\"wpex-gallery wpex-row lightbox-group clr\"><figure class=\"gallery-item span_1_of_3 col col-1\"><a href=\"https:\/\/campingbellerive.fr\/wp-content\/uploads\/Chateau.jpg\" title=\"\" class=\"wpex-lightbox-group-item\" data-type=\"image\"><img loading=\"lazy\" decoding=\"async\" src=\"https:\/\/campingbellerive.fr\/wp-content\/uploads\/Chateau-1024x999.jpg\" width=\"1024\" height=\"999\" alt=\"Chateau\" \/><\/a><\/figure><figure class=\"gallery-item span_1_of_3 col col-2\"><a href=\"https:\/\/campingbellerive.fr\/wp-content\/uploads\/Cave-des-vignerons-ancien.jpg\" title=\"\" class=\"wpex-lightbox-group-item\" data-type=\"image\"><img loading=\"lazy\" decoding=\"async\" src=\"https:\/\/campingbellerive.fr\/wp-content\/uploads\/Cave-des-vignerons-ancien-1024x1001.jpg\" width=\"1024\" height=\"1001\" alt=\"Cave Des Vigneron Montfrin 1920\" \/><\/a><\/figure><figure class=\"gallery-item span_1_of_3 col col-3\"><a href=\"https:\/\/campingbellerive.fr\/wp-content\/uploads\/Cave-des-Vignerons-mamouth.jpg\" title=\"\" class=\"wpex-lightbox-group-item\" data-type=\"image\"><img loading=\"lazy\" decoding=\"async\" src=\"https:\/\/campingbellerive.fr\/wp-content\/uploads\/Cave-des-Vignerons-mamouth-1024x999.jpg\" width=\"1024\" height=\"999\" alt=\"Cave Des Vignerons Mamouth\" \/><\/a><\/figure><\/div>\n\n<h2 style=\"text-align: left;\">Schloss Montfrin<\/h2>\n<h2 style=\"text-align: left;\">Winzerkeller von Montfrin (1920)<\/h2>\n<h2 style=\"text-align: left;\">Winzerkeller von Montfrin (heute)<\/h2>\n<p style=\"text-align: left;\"><span style=\"text-decoration: underline;\">\u00d6ffnungszeiten<\/span> :<\/p>\n<p style=\"text-align: left;\">Montag bis Samstag<\/p>\n<p style=\"text-align: left;\"><strong>Von 9h00 bis 12h00<\/strong> und von <strong>14h00 bis 18h00<\/strong><\/p>\n","protected":false},"excerpt":{"rendered":"<p>Montfrin, in der N\u00e4her des BelleRives (Gard) Montfrin liegt zwischen der Rh\u00f4ne und Gardon, und bedeudet in Latein (&#8222;monsferinus&#8220;) Berg gamey. Montfrin ist eine Gemeinde mit einem reichen Kulturerbe und wird dominiert von seinem Schloss, dass unter Denkmalschutz steht. Strand&hellip;<\/p>\n","protected":false},"author":2,"featured_media":0,"parent":0,"menu_order":0,"comment_status":"closed","ping_status":"closed","template":"","meta":{"_monsterinsights_skip_tracking":false,"_monsterinsights_sitenote_active":false,"_monsterinsights_sitenote_note":"","_monsterinsights_sitenote_category":0,"_uf_show_specific_survey":0,"_uf_disable_surveys":false,"footnotes":""},"class_list":["post-2921","page","type-page","status-publish","hentry","entry"],"aioseo_notices":[],"_links":{"self":[{"href":"https:\/\/campingbellerive.fr\/de\/wp-json\/wp\/v2\/pages\/2921\/"}],"collection":[{"href":"https:\/\/campingbellerive.fr\/de\/wp-json\/wp\/v2\/pages\/"}],"about":[{"href":"https:\/\/campingbellerive.fr\/de\/wp-json\/wp\/v2\/types\/page\/"}],"author":[{"embeddable":true,"href":"https:\/\/campingbellerive.fr\/de\/wp-json\/wp\/v2\/users\/2\/"}],"replies":[{"embeddable":true,"href":"https:\/\/campingbellerive.fr\/de\/wp-json\/wp\/v2\/comments\/?post=2921"}],"version-history":[{"count":13,"href":"https:\/\/campingbellerive.fr\/de\/wp-json\/wp\/v2\/pages\/2921\/revisions\/"}],"predecessor-version":[{"id":3405,"href":"https:\/\/campingbellerive.fr\/de\/wp-json\/wp\/v2\/pages\/2921\/revisions\/3405\/"}],"wp:attachment":[{"href":"https:\/\/campingbellerive.fr\/de\/wp-json\/wp\/v2\/media\/?parent=2921"}],"curies":[{"name":"wp","href":"https:\/\/api.w.org\/{rel}","templated":true}]}}