{"id":2863,"date":"2016-02-08T07:54:40","date_gmt":"2016-02-08T06:54:40","guid":{"rendered":"http:\/\/campingbellerive.fr\/?page_id=2863"},"modified":"2021-06-08T14:53:33","modified_gmt":"2021-06-08T12:53:33","slug":"willkommen-4","status":"publish","type":"page","link":"https:\/\/campingbellerive.fr\/de\/","title":{"rendered":"Willkommen !"},"content":{"rendered":"<div class=\"bloc-a\">\n<h2>Herzlich willkommen in unserem Camping BelleRive! Entdecken Sie unsere sch\u00f6ne Gegend.<\/h2>\n<p>Das BelleRive-Camping empf\u00e4ngt Sie im Herzen des provenzalischen Dorfes Montfrin. Dieser gut bewaldete Campingplatz liegt direkt am Flussufer auf 2.5 ha Fl\u00e4che.<br \/>\nEr bietet 100 Pl\u00e4tze im Schatten der Akazienb\u00e4ume an, wo Sie sich entspannen k\u00f6nnen.<br \/>\nEin idyllischer Ort wo die Natur Sie f\u00f6rmlich zum Auftanken einl\u00e4dt, Sie Zeit haben zur Regeneration und den Sie auch mit Freunden teilen k\u00f6nnen<\/p>\n<\/div>\n<p>&nbsp;<\/p>\n<div id=\"gallery-0\" class=\"wpex-gallery wpex-row lightbox-group clr\"><figure class=\"gallery-item span_1_of_3 col col-1\"><a href=\"https:\/\/campingbellerive.fr\/wp-content\/uploads\/hamac-05-L.jpg\" title=\"\" class=\"wpex-lightbox-group-item\" data-type=\"image\"><img loading=\"lazy\" decoding=\"async\" src=\"https:\/\/campingbellerive.fr\/wp-content\/uploads\/hamac-05-L-1024x1001.jpg\" width=\"1024\" height=\"1001\" alt=\"Hamac\" \/><\/a><\/figure><figure class=\"gallery-item span_1_of_3 col col-2\"><a href=\"https:\/\/campingbellerive.fr\/wp-content\/uploads\/Reception-02-L.jpg\" title=\"\" class=\"wpex-lightbox-group-item\" data-type=\"image\"><img loading=\"lazy\" decoding=\"async\" src=\"https:\/\/campingbellerive.fr\/wp-content\/uploads\/Reception-02-L-1024x999.jpg\" width=\"1024\" height=\"999\" alt=\"R\u00e9ception\" \/><\/a><\/figure><figure class=\"gallery-item span_1_of_3 col col-3\"><a href=\"https:\/\/campingbellerive.fr\/wp-content\/uploads\/Chalets-1.jpg\" title=\"\" class=\"wpex-lightbox-group-item\" data-type=\"image\"><img loading=\"lazy\" decoding=\"async\" src=\"https:\/\/campingbellerive.fr\/wp-content\/uploads\/Chalets-1-1024x999.jpg\" width=\"1024\" height=\"999\" alt=\"Chalet\" \/><\/a><\/figure><figure class=\"gallery-item span_1_of_3 col col-1\"><a href=\"https:\/\/campingbellerive.fr\/wp-content\/uploads\/Gardon-03.jpg\" title=\"\" class=\"wpex-lightbox-group-item\" data-type=\"image\"><img loading=\"lazy\" decoding=\"async\" src=\"https:\/\/campingbellerive.fr\/wp-content\/uploads\/Gardon-03-1024x1001.jpg\" width=\"1024\" height=\"1001\" alt=\"Gardon\" \/><\/a><\/figure><figure class=\"gallery-item span_1_of_3 col col-2\"><a href=\"https:\/\/campingbellerive.fr\/wp-content\/uploads\/Les-Lavandes.jpg\" title=\"\" class=\"wpex-lightbox-group-item\" data-type=\"image\"><img loading=\"lazy\" decoding=\"async\" src=\"https:\/\/campingbellerive.fr\/wp-content\/uploads\/Les-Lavandes-1024x1000.jpg\" width=\"1024\" height=\"1000\" alt=\"Les Lavandes\" \/><\/a><\/figure><\/div>\n\n<div>\n<h2>Uebersicht des Camping BelleRives<\/h2>\n<\/div>\n<p><a href=\"https:\/\/toocamp.com\" target=\"_blank\" rel=\"noopener\">Toocamp.com <\/a>filmte und produzierte dieses Video des Camping BelleRives.<br \/>\n<img loading=\"lazy\" decoding=\"async\" class=\"alignnone wp-image-1676\" title=\"Toocamp_Logo\" src=\"https:\/\/campingbellerive.fr\/wp-content\/uploads\/Toocamp_Logo.png\" alt=\"\" width=\"150\" height=\"65\" \/><br \/>\n<div style=\"width: 640px;\" class=\"wp-video\"><video class=\"wp-video-shortcode\" id=\"video-2863-1\" width=\"640\" height=\"360\" preload=\"metadata\" controls=\"controls\"><source type=\"video\/mp4\" src=\"https:\/\/video.toocamp.com\/medias\/campingbellerive-27850.mp4?_=1\" \/><a href=\"https:\/\/video.toocamp.com\/medias\/campingbellerive-27850.mp4\">https:\/\/video.toocamp.com\/medias\/campingbellerive-27850.mp4<\/a><\/video><\/div>\n<p>&nbsp;<\/p>\n<div style=\"width: 750px; margin-left: auto; margin-top: 100px; margin-right: auto;\">\n<h2>BelleRive am Fernsehen TF1<\/h2>\n<p><iframe loading=\"lazy\" width=\"560\" height=\"315\" src=\"https:\/\/www.youtube.com\/embed\/Nw5Najc1CfQ\" title=\"YouTube video player\" frameborder=\"0\" allow=\"accelerometer; autoplay; clipboard-write; encrypted-media; gyroscope; picture-in-picture\" allowfullscreen><\/iframe><\/p>\n<h2>Start: Auf dem Pfeil dr\u00fccken!<\/h2>\n<\/div>\n","protected":false},"excerpt":{"rendered":"<p>Herzlich willkommen in unserem Camping BelleRive! Entdecken Sie unsere sch\u00f6ne Gegend. Das BelleRive-Camping empf\u00e4ngt Sie im Herzen des provenzalischen Dorfes Montfrin. Dieser gut bewaldete Campingplatz liegt direkt am Flussufer auf 2.5 ha Fl\u00e4che. Er bietet 100 Pl\u00e4tze im Schatten der&hellip;<\/p>\n","protected":false},"author":2,"featured_media":0,"parent":0,"menu_order":0,"comment_status":"closed","ping_status":"closed","template":"","meta":{"_monsterinsights_skip_tracking":false,"_monsterinsights_sitenote_active":false,"_monsterinsights_sitenote_note":"","_monsterinsights_sitenote_category":0,"_uf_show_specific_survey":0,"_uf_disable_surveys":false,"footnotes":""},"class_list":["post-2863","page","type-page","status-publish","hentry","entry"],"aioseo_notices":[],"_links":{"self":[{"href":"https:\/\/campingbellerive.fr\/de\/wp-json\/wp\/v2\/pages\/2863\/"}],"collection":[{"href":"https:\/\/campingbellerive.fr\/de\/wp-json\/wp\/v2\/pages\/"}],"about":[{"href":"https:\/\/campingbellerive.fr\/de\/wp-json\/wp\/v2\/types\/page\/"}],"author":[{"embeddable":true,"href":"https:\/\/campingbellerive.fr\/de\/wp-json\/wp\/v2\/users\/2\/"}],"replies":[{"embeddable":true,"href":"https:\/\/campingbellerive.fr\/de\/wp-json\/wp\/v2\/comments\/?post=2863"}],"version-history":[{"count":13,"href":"https:\/\/campingbellerive.fr\/de\/wp-json\/wp\/v2\/pages\/2863\/revisions\/"}],"predecessor-version":[{"id":4143,"href":"https:\/\/campingbellerive.fr\/de\/wp-json\/wp\/v2\/pages\/2863\/revisions\/4143\/"}],"wp:attachment":[{"href":"https:\/\/campingbellerive.fr\/de\/wp-json\/wp\/v2\/media\/?parent=2863"}],"curies":[{"name":"wp","href":"https:\/\/api.w.org\/{rel}","templated":true}]}}